{"id":77,"date":"2020-04-11T17:55:32","date_gmt":"2020-04-11T17:55:32","guid":{"rendered":"http:\/\/beloterrarium.hu\/?page_id=77"},"modified":"2021-09-27T14:34:06","modified_gmt":"2021-09-27T14:34:06","slug":"kezdolap","status":"publish","type":"page","link":"https:\/\/beloterrarium.hu\/","title":{"rendered":"Kezd\u0151lap"},"content":{"rendered":"<p>[et_pb_section fb_built=&#8221;1&#8243; _builder_version=&#8221;4.7.7&#8243; background_enable_color=&#8221;off&#8221; background_enable_video_mp4=&#8221;off&#8221; background_video_webm=&#8221;https:\/\/beloterrarium.hu\/wp-content\/uploads\/2020\/04\/Beloterrairum.webm&#8221; background_video_pause_outside_viewport=&#8221;off&#8221; min_height=&#8221;600px&#8221; custom_margin=&#8221;0px|0px|0px|0px|false|false&#8221; custom_padding=&#8221;0px|0px|0px|0px|false|false&#8221; background_last_edited=&#8221;off|desktop&#8221;][et_pb_row column_structure=&#8221;1_2,1_2&#8243; _builder_version=&#8221;4.4.2&#8243; background_color=&#8221;rgba(0,0,0,0.46)&#8221; width=&#8221;100%&#8221; max_width=&#8221;100%&#8221; module_alignment=&#8221;center&#8221; min_height=&#8221;600px&#8221; custom_margin=&#8221;||||false|false&#8221; custom_padding=&#8221;5%||||false|false&#8221;][et_pb_column type=&#8221;1_2&#8243; _builder_version=&#8221;4.4.2&#8243;][\/et_pb_column][et_pb_column type=&#8221;1_2&#8243; _builder_version=&#8221;4.4.2&#8243;][et_pb_image src=&#8221;http:\/\/beloterrarium.hu\/wp-content\/uploads\/2020\/05\/blterr_logo_png2.png&#8221; _builder_version=&#8221;4.4.2&#8243; width=&#8221;25%&#8221; max_width=&#8221;25%&#8221; module_alignment=&#8221;center&#8221; max_height=&#8221;1000px&#8221; custom_margin=&#8221;||39px|||&#8221;][\/et_pb_image][et_pb_text disabled_on=&#8221;off|off|off&#8221; admin_label=&#8221;Subtittle&#8221; _builder_version=&#8221;4.4.2&#8243; text_font=&#8221;Nunito||||||||&#8221; text_text_color=&#8221;#ffffff&#8221; text_font_size=&#8221;18px&#8221; text_line_height=&#8221;1.8em&#8221; header_font=&#8221;Oswald||||||||&#8221; header_text_align=&#8221;left&#8221; header_text_color=&#8221;#ffffff&#8221; header_font_size=&#8221;18px&#8221; header_letter_spacing=&#8221;2px&#8221; header_line_height=&#8221;1.7em&#8221; text_orientation=&#8221;center&#8221; max_width=&#8221;538px&#8221; max_width_tablet=&#8221;&#8221; max_width_phone=&#8221;&#8221; max_width_last_edited=&#8221;on|phone&#8221; module_alignment=&#8221;right&#8221; custom_margin=&#8221;-35px||||false|false&#8221; custom_padding=&#8221;||||false|false&#8221;]<\/p>\n<h1 style=\"text-align: left;\">&#8222;A term\u00e9szethez k\u00e9pest minden terr\u00e1rium kicsi&#8221;<\/h1>\n<p>[\/et_pb_text][\/et_pb_column][\/et_pb_row][\/et_pb_section][et_pb_section fb_built=&#8221;1&#8243; _builder_version=&#8221;4.4.2&#8243; background_color=&#8221;#d26729&#8243;][et_pb_row _builder_version=&#8221;4.4.2&#8243;][et_pb_column type=&#8221;4_4&#8243; _builder_version=&#8221;4.4.2&#8243;][et_pb_text admin_label=&#8221;Tittle&#8221; _builder_version=&#8221;4.4.2&#8243; text_font=&#8221;||||||||&#8221; text_text_color=&#8221;#ffffff&#8221; header_font=&#8221;||||||||&#8221; header_text_color=&#8221;#ffffff&#8221; header_2_font=&#8221;Oswald|||on|||||&#8221; header_2_text_align=&#8221;center&#8221; header_2_font_size=&#8221;40px&#8221; header_2_letter_spacing=&#8221;1px&#8221; header_2_line_height=&#8221;1.5em&#8221; max_width=&#8221;600px&#8221; module_alignment=&#8221;center&#8221; animation_style=&#8221;slide&#8221; scroll_scaling_enable=&#8221;on&#8221; text_text_shadow_style=&#8221;preset3&#8243; text_text_shadow_color=&#8221;#8e8e8e&#8221;]<\/p>\n<h2><span style=\"color: #0f0f0f;\">r\u00f3lam<\/span><\/h2>\n<p>[\/et_pb_text][et_pb_text disabled_on=&#8221;off|off|off&#8221; admin_label=&#8221;Subtittle&#8221; _builder_version=&#8221;4.4.2&#8243; text_font=&#8221;Nunito||||||||&#8221; text_text_color=&#8221;#787070&#8243; text_font_size=&#8221;18px&#8221; text_line_height=&#8221;1.8em&#8221; header_font=&#8221;Oswald||||&#8221; header_font_size=&#8221;16px&#8221; header_letter_spacing=&#8221;2px&#8221; header_line_height=&#8221;1.7em&#8221; text_orientation=&#8221;center&#8221; max_width=&#8221;600px&#8221; max_width_tablet=&#8221;&#8221; max_width_phone=&#8221;&#8221; max_width_last_edited=&#8221;on|phone&#8221; module_alignment=&#8221;center&#8221; custom_margin=&#8221;-30px|||&#8221; custom_padding=&#8221;||0px|||&#8221; animation_style=&#8221;slide&#8221; scroll_scaling_enable=&#8221;on&#8221;]<\/p>\n<p><span style=\"color: #191919;\">Beloberk Istv\u00e1n vagyok, k\u00f6zel 30 \u00e9ve foglalkozom h\u00fcll\u0151kkel valamint terr\u00e1riumok, akv\u00e1riumok \u00e9s m\u0171szikla dekor\u00e1ci\u00f3k \u00e9p\u00edt\u00e9s\u00e9vel. Ez a sz\u00e9p hobbi egyre nagyobb n\u00e9pszer\u0171s\u00e9gnek \u00f6rvend \u00e9s \u00e9n \u00f6r\u00f6mmel osztom meg tapasztalataimat \u00e9s seg\u00edtem munk\u00e1mmal azokat akik e gy\u00f6ny\u00f6r\u0171 \u00e9s \u00e9rdekes \u00e1llatok tart\u00e1s\u00e1val akarnak foglalkozni.<\/span><\/p>\n<p>[\/et_pb_text][et_pb_button button_url=&#8221;@ET-DC@eyJkeW5hbWljIjp0cnVlLCJjb250ZW50IjoicG9zdF9saW5rX3VybF9wYWdlIiwic2V0dGluZ3MiOnsicG9zdF9pZCI6IjEwIn19@&#8221; button_text=&#8221;Tudj meg t\u00f6bbet R\u00f3lam&#8221; button_alignment=&#8221;center&#8221; _builder_version=&#8221;4.4.2&#8243; _dynamic_attributes=&#8221;button_url&#8221; custom_button=&#8221;on&#8221; button_text_color=&#8221;#0f0f0f&#8221; button_bg_color=&#8221;rgba(0,0,0,0)&#8221; animation_style=&#8221;slide&#8221; scroll_horizontal_motion=&#8221;0|100|100|100|4|0|-4&#8243;][\/et_pb_button][\/et_pb_column][\/et_pb_row][\/et_pb_section][et_pb_section fb_built=&#8221;1&#8243; _builder_version=&#8221;4.4.2&#8243; background_color=&#8221;#191919&#8243; global_module=&#8221;231421&#8243; locked=&#8221;off&#8221;][et_pb_row _builder_version=&#8221;4.4.2&#8243;][et_pb_column type=&#8221;4_4&#8243; _builder_version=&#8221;4.4.2&#8243;][et_pb_text admin_label=&#8221;Tittle&#8221; _builder_version=&#8221;4.4.2&#8243; text_font=&#8221;||||||||&#8221; text_text_color=&#8221;#ffffff&#8221; header_font=&#8221;||||||||&#8221; header_text_color=&#8221;#ffffff&#8221; header_2_font=&#8221;Oswald|||on|||||&#8221; header_2_text_align=&#8221;center&#8221; header_2_font_size=&#8221;40px&#8221; header_2_letter_spacing=&#8221;1px&#8221; header_2_line_height=&#8221;1.5em&#8221; max_width=&#8221;600px&#8221; module_alignment=&#8221;center&#8221; animation_style=&#8221;slide&#8221; text_text_shadow_style=&#8221;preset3&#8243; text_text_shadow_color=&#8221;#8e8e8e&#8221;]<\/p>\n<h2><span style=\"color: #ffffff;\">Aj\u00e1nlatok<\/span><\/h2>\n<p>[\/et_pb_text][\/et_pb_column][\/et_pb_row][et_pb_row column_structure=&#8221;1_3,1_3,1_3&#8243; custom_padding_last_edited=&#8221;off|desktop&#8221; admin_label=&#8221;Coffee Info&#8221; _builder_version=&#8221;4.6.5&#8243; custom_padding=&#8221;|||&#8221; custom_padding_tablet=&#8221;|0px||&#8221; custom_padding_phone=&#8221;|0px||&#8221; custom_width_px=&#8221;510px&#8221;][et_pb_column type=&#8221;1_3&#8243; _builder_version=&#8221;4.6.5&#8243; custom_padding=&#8221;||||false|false&#8221; custom_padding__hover=&#8221;|||&#8221;][et_pb_blurb title=&#8221;Akci\u00f3k&#8221; image=&#8221;http:\/\/beloterrarium.hu\/wp-content\/uploads\/2020\/12\/galeria_terrarium-2-scaled.jpg&#8221; alt=&#8221;Coffee Bean&#8221; image_max_width=&#8221;280px&#8221; _builder_version=&#8221;4.7.7&#8243; header_font=&#8221;Oswald|||on|&#8221; header_text_align=&#8221;center&#8221; header_text_color=&#8221;#ffffff&#8221; header_font_size=&#8221;20px&#8221; header_letter_spacing=&#8221;1px&#8221; header_line_height=&#8221;1.7em&#8221; body_font=&#8221;Nunito||||&#8221; body_text_align=&#8221;center&#8221; body_text_color=&#8221;#787070&#8243; body_font_size=&#8221;18px&#8221; body_line_height=&#8221;1.8em&#8221; text_orientation=&#8221;center&#8221; animation_style=&#8221;slide&#8221; animation_direction=&#8221;bottom&#8221; animation_intensity_slide=&#8221;6%&#8221; animation=&#8221;right&#8221;][\/et_pb_blurb][et_pb_button button_url=&#8221;@ET-DC@eyJkeW5hbWljIjp0cnVlLCJjb250ZW50IjoicG9zdF9saW5rX3VybF9wYWdlIiwic2V0dGluZ3MiOnsicG9zdF9pZCI6IjIzMTQyNSJ9fQ==@&#8221; button_text=&#8221;Megn\u00e9zem&#8221; button_alignment=&#8221;center&#8221; _builder_version=&#8221;4.6.5&#8243; _dynamic_attributes=&#8221;button_url&#8221; custom_button=&#8221;on&#8221; button_text_color=&#8221;#ffffff&#8221; animation_style=&#8221;slide&#8221;][\/et_pb_button][\/et_pb_column][et_pb_column type=&#8221;1_3&#8243; _builder_version=&#8221;3.25&#8243; custom_padding=&#8221;|||&#8221; custom_padding__hover=&#8221;|||&#8221;][et_pb_blurb title=&#8221;Egyedi terr\u00e1riumok&#8221; image=&#8221;http:\/\/beloterrarium.hu\/wp-content\/uploads\/2020\/12\/galeria_muszikla-9-scaled.jpg&#8221; alt=&#8221;Coffee Bean&#8221; image_max_width=&#8221;280px&#8221; _builder_version=&#8221;4.7.7&#8243; header_font=&#8221;Oswald|||on|&#8221; header_text_align=&#8221;center&#8221; header_text_color=&#8221;#ffffff&#8221; header_font_size=&#8221;20px&#8221; header_letter_spacing=&#8221;1px&#8221; header_line_height=&#8221;1.7em&#8221; body_font=&#8221;Nunito||||&#8221; body_text_align=&#8221;center&#8221; body_text_color=&#8221;#787070&#8243; body_font_size=&#8221;18px&#8221; body_line_height=&#8221;1.8em&#8221; text_orientation=&#8221;center&#8221; animation_style=&#8221;slide&#8221; animation_direction=&#8221;bottom&#8221; animation_delay=&#8221;100ms&#8221; animation_intensity_slide=&#8221;6%&#8221; animation=&#8221;right&#8221;][\/et_pb_blurb][et_pb_button button_url=&#8221;@ET-DC@eyJkeW5hbWljIjp0cnVlLCJjb250ZW50IjoicG9zdF9saW5rX3VybF9wYWdlIiwic2V0dGluZ3MiOnsicG9zdF9pZCI6IjU0MjUifX0=@&#8221; button_text=&#8221;Megn\u00e9zem&#8221; button_alignment=&#8221;center&#8221; _builder_version=&#8221;4.6.5&#8243; _dynamic_attributes=&#8221;button_url&#8221; custom_button=&#8221;on&#8221; button_text_color=&#8221;#ffffff&#8221; animation_style=&#8221;slide&#8221;][\/et_pb_button][\/et_pb_column][et_pb_column type=&#8221;1_3&#8243; _builder_version=&#8221;3.25&#8243; custom_padding=&#8221;|||&#8221; custom_padding__hover=&#8221;|||&#8221;][et_pb_blurb image=&#8221;http:\/\/beloterrarium.hu\/wp-content\/uploads\/2020\/11\/galeria_brgsztht-4-scaled.jpg&#8221; alt=&#8221;Coffee Bean&#8221; image_max_width=&#8221;280px&#8221; _builder_version=&#8221;4.7.7&#8243; header_font=&#8221;Oswald|||on|&#8221; header_text_align=&#8221;center&#8221; header_text_color=&#8221;#ffffff&#8221; header_font_size=&#8221;20px&#8221; header_letter_spacing=&#8221;1px&#8221; header_line_height=&#8221;1.7em&#8221; body_font=&#8221;Nunito||||&#8221; body_text_align=&#8221;center&#8221; body_text_color=&#8221;#787070&#8243; body_font_size=&#8221;18px&#8221; body_line_height=&#8221;1.8em&#8221; text_orientation=&#8221;center&#8221; animation_style=&#8221;slide&#8221; animation_direction=&#8221;bottom&#8221; animation_delay=&#8221;200ms&#8221; animation_intensity_slide=&#8221;6%&#8221; animation=&#8221;right&#8221;]<\/p>\n<h4 class=\"et_pb_module_header et-fb-editable-element et-fb-editable-element__editing\" data-shortcode-id=\"3.1.1.0-1602419719010\" data-quickaccess-id=\"header\" contenteditable=\"true\">Beragaszthat\u00f3 h\u00e1tterek<\/h4>\n<p>[\/et_pb_blurb][et_pb_button button_url=&#8221;@ET-DC@eyJkeW5hbWljIjp0cnVlLCJjb250ZW50IjoicG9zdF9saW5rX3VybF9wYWdlIiwic2V0dGluZ3MiOnsicG9zdF9pZCI6IjIzMTQ1MCJ9fQ==@&#8221; button_text=&#8221;Megn\u00e9zem&#8221; button_alignment=&#8221;center&#8221; _builder_version=&#8221;4.6.5&#8243; _dynamic_attributes=&#8221;button_url&#8221; custom_button=&#8221;on&#8221; button_text_color=&#8221;#ffffff&#8221; button_icon=&#8221;%%20%%&#8221; animation_style=&#8221;slide&#8221;][\/et_pb_button][\/et_pb_column][\/et_pb_row][et_pb_row column_structure=&#8221;1_2,1_2&#8243; custom_padding_last_edited=&#8221;off|desktop&#8221; admin_label=&#8221;Coffee Info&#8221; _builder_version=&#8221;4.7.7&#8243; width=&#8221;45%&#8221; width_tablet=&#8221;&#8221; width_phone=&#8221;&#8221; width_last_edited=&#8221;on|desktop&#8221; custom_padding=&#8221;|||&#8221; custom_padding_tablet=&#8221;|0px||&#8221; custom_padding_phone=&#8221;|0px||&#8221; custom_width_px=&#8221;510px&#8221; locked=&#8221;off&#8221;][et_pb_column type=&#8221;1_2&#8243; _builder_version=&#8221;4.6.5&#8243; custom_padding=&#8221;||||false|false&#8221; custom_padding__hover=&#8221;|||&#8221;][et_pb_blurb title=&#8221;Kieg\u00e9sz\u00edt\u0151k&#8221; image=&#8221;http:\/\/beloterrarium.hu\/wp-content\/uploads\/2020\/12\/bujok-2.jpg&#8221; alt=&#8221;Coffee Bean&#8221; image_max_width=&#8221;280px&#8221; _builder_version=&#8221;4.7.7&#8243; header_font=&#8221;Oswald|||on|&#8221; header_text_align=&#8221;center&#8221; header_text_color=&#8221;#ffffff&#8221; header_font_size=&#8221;20px&#8221; header_letter_spacing=&#8221;1px&#8221; header_line_height=&#8221;1.7em&#8221; body_font=&#8221;Nunito||||&#8221; body_text_align=&#8221;center&#8221; body_text_color=&#8221;#787070&#8243; body_font_size=&#8221;18px&#8221; body_line_height=&#8221;1.8em&#8221; text_orientation=&#8221;center&#8221; animation_style=&#8221;slide&#8221; animation_direction=&#8221;bottom&#8221; animation_delay=&#8221;100ms&#8221; animation_intensity_slide=&#8221;6%&#8221; animation=&#8221;right&#8221; locked=&#8221;off&#8221;][\/et_pb_blurb][et_pb_button button_url=&#8221;@ET-DC@eyJkeW5hbWljIjp0cnVlLCJjb250ZW50IjoicG9zdF9saW5rX3VybF9wYWdlIiwic2V0dGluZ3MiOnsicG9zdF9pZCI6IjIzMTM2MyJ9fQ==@&#8221; button_text=&#8221;Megn\u00e9zem&#8221; button_alignment=&#8221;center&#8221; _builder_version=&#8221;4.6.5&#8243; _dynamic_attributes=&#8221;button_url&#8221; custom_button=&#8221;on&#8221; button_text_color=&#8221;#ffffff&#8221; button_icon=&#8221;%%20%%&#8221; animation_style=&#8221;slide&#8221; locked=&#8221;off&#8221;][\/et_pb_button][\/et_pb_column][et_pb_column type=&#8221;1_2&#8243; _builder_version=&#8221;3.25&#8243; custom_padding=&#8221;|||&#8221; custom_padding__hover=&#8221;|||&#8221;][et_pb_blurb title=&#8221;Elad\u00f3 \u00e1llatok&#8221; image=&#8221;http:\/\/beloterrarium.hu\/wp-content\/uploads\/2020\/12\/leop-scaled.jpg&#8221; alt=&#8221;Coffee Bean&#8221; image_max_width=&#8221;280px&#8221; _builder_version=&#8221;4.7.7&#8243; header_font=&#8221;Oswald|||on|&#8221; header_text_align=&#8221;center&#8221; header_text_color=&#8221;#ffffff&#8221; header_font_size=&#8221;20px&#8221; header_letter_spacing=&#8221;1px&#8221; header_line_height=&#8221;1.7em&#8221; body_font=&#8221;Nunito||||&#8221; body_text_align=&#8221;center&#8221; body_text_color=&#8221;#787070&#8243; body_font_size=&#8221;18px&#8221; body_line_height=&#8221;1.8em&#8221; text_orientation=&#8221;center&#8221; animation_style=&#8221;slide&#8221; animation_direction=&#8221;bottom&#8221; animation_delay=&#8221;100ms&#8221; animation_intensity_slide=&#8221;6%&#8221; animation=&#8221;right&#8221; locked=&#8221;off&#8221;][\/et_pb_blurb][et_pb_button button_url=&#8221;@ET-DC@eyJkeW5hbWljIjp0cnVlLCJjb250ZW50IjoicG9zdF9saW5rX3VybF9wYWdlIiwic2V0dGluZ3MiOnsicG9zdF9pZCI6IjIzMTQ1NCJ9fQ==@&#8221; button_text=&#8221;Megn\u00e9zem&#8221; button_alignment=&#8221;center&#8221; _builder_version=&#8221;4.6.5&#8243; _dynamic_attributes=&#8221;button_url&#8221; custom_button=&#8221;on&#8221; button_text_color=&#8221;#ffffff&#8221; button_icon=&#8221;%%20%%&#8221; animation_style=&#8221;slide&#8221; locked=&#8221;off&#8221;][\/et_pb_button][\/et_pb_column][\/et_pb_row][\/et_pb_section][et_pb_section fb_built=&#8221;1&#8243; _builder_version=&#8221;4.6.5&#8243; background_color=&#8221;#0f0f0f&#8221; global_module=&#8221;231646&#8243; saved_tabs=&#8221;all&#8221; locked=&#8221;off&#8221;][et_pb_row _builder_version=&#8221;4.4.2&#8243;][et_pb_column type=&#8221;4_4&#8243; _builder_version=&#8221;4.4.2&#8243;][et_pb_text admin_label=&#8221;Tittle&#8221; _builder_version=&#8221;4.6.5&#8243; text_font=&#8221;||||||||&#8221; text_text_color=&#8221;#ffffff&#8221; header_font=&#8221;||||||||&#8221; header_text_color=&#8221;#ffffff&#8221; header_2_font=&#8221;Oswald|||on|||||&#8221; header_2_text_align=&#8221;center&#8221; header_2_font_size=&#8221;40px&#8221; header_2_letter_spacing=&#8221;1px&#8221; header_2_line_height=&#8221;1.5em&#8221; max_width=&#8221;600px&#8221; module_alignment=&#8221;center&#8221; animation_style=&#8221;slide&#8221; text_text_shadow_style=&#8221;preset3&#8243; text_text_shadow_color=&#8221;#8e8e8e&#8221;]<\/p>\n<h2><span style=\"color: #ffffff;\">Gal\u00e9ria<\/span><\/h2>\n<p>[\/et_pb_text][\/et_pb_column][\/et_pb_row][et_pb_row column_structure=&#8221;1_3,1_3,1_3&#8243; make_equal=&#8221;on&#8221; custom_padding_last_edited=&#8221;off|desktop&#8221; admin_label=&#8221;Coffee Info&#8221; _builder_version=&#8221;4.6.5&#8243; custom_padding=&#8221;|||&#8221; custom_padding_tablet=&#8221;|0px||&#8221; custom_padding_phone=&#8221;|0px||&#8221; custom_width_px=&#8221;510px&#8221;][et_pb_column type=&#8221;1_3&#8243; _builder_version=&#8221;3.25&#8243; custom_padding=&#8221;|||&#8221; custom_padding__hover=&#8221;|||&#8221;][et_pb_blurb title=&#8221;Terr\u00e1riumok&#8221; image=&#8221;http:\/\/beloterrarium.hu\/wp-content\/uploads\/2020\/12\/galeria_muszikla-9-scaled.jpg&#8221; alt=&#8221;Coffee Bean&#8221; image_max_width=&#8221;280px&#8221; _builder_version=&#8221;4.7.1&#8243; header_font=&#8221;Oswald|||on|&#8221; header_text_align=&#8221;center&#8221; header_text_color=&#8221;#ffffff&#8221; header_font_size=&#8221;20px&#8221; header_letter_spacing=&#8221;1px&#8221; header_line_height=&#8221;1.7em&#8221; body_font=&#8221;Nunito||||&#8221; body_text_align=&#8221;center&#8221; body_text_color=&#8221;#787070&#8243; body_font_size=&#8221;18px&#8221; body_line_height=&#8221;1.8em&#8221; text_orientation=&#8221;center&#8221; animation_style=&#8221;slide&#8221; animation_direction=&#8221;bottom&#8221; animation_intensity_slide=&#8221;6%&#8221; animation=&#8221;right&#8221;][\/et_pb_blurb][et_pb_button button_url=&#8221;@ET-DC@eyJkeW5hbWljIjp0cnVlLCJjb250ZW50IjoicG9zdF9saW5rX3VybF9wYWdlIiwic2V0dGluZ3MiOnsicG9zdF9pZCI6IjE3NCJ9fQ==@&#8221; button_text=&#8221;Megn\u00e9zem&#8221; button_alignment=&#8221;center&#8221; _builder_version=&#8221;4.6.5&#8243; _dynamic_attributes=&#8221;button_url&#8221; custom_button=&#8221;on&#8221; button_text_color=&#8221;#ffffff&#8221; button_icon=&#8221;%%20%%&#8221; animation_style=&#8221;slide&#8221;][\/et_pb_button][\/et_pb_column][et_pb_column type=&#8221;1_3&#8243; _builder_version=&#8221;3.25&#8243; custom_padding=&#8221;|||&#8221; custom_padding__hover=&#8221;|||&#8221;][et_pb_blurb title=&#8221;M\u0171szikl\u00e1k&#8221; image=&#8221;http:\/\/beloterrarium.hu\/wp-content\/uploads\/2020\/12\/galeria_muszikla-5-scaled.jpg&#8221; alt=&#8221;Coffee Bean&#8221; image_max_width=&#8221;280px&#8221; _builder_version=&#8221;4.7.1&#8243; header_font=&#8221;Oswald|||on|&#8221; header_text_align=&#8221;center&#8221; header_text_color=&#8221;#ffffff&#8221; header_font_size=&#8221;20px&#8221; header_letter_spacing=&#8221;1px&#8221; header_line_height=&#8221;1.7em&#8221; body_font=&#8221;Nunito||||&#8221; body_text_align=&#8221;center&#8221; body_text_color=&#8221;#787070&#8243; body_font_size=&#8221;18px&#8221; body_line_height=&#8221;1.8em&#8221; text_orientation=&#8221;center&#8221; animation_style=&#8221;slide&#8221; animation_direction=&#8221;bottom&#8221; animation_delay=&#8221;100ms&#8221; animation_intensity_slide=&#8221;6%&#8221; animation=&#8221;right&#8221;][\/et_pb_blurb][et_pb_button button_url=&#8221;@ET-DC@eyJkeW5hbWljIjp0cnVlLCJjb250ZW50IjoicG9zdF9saW5rX3VybF9wYWdlIiwic2V0dGluZ3MiOnsicG9zdF9pZCI6IjUzNDYifX0=@&#8221; button_text=&#8221;Megn\u00e9zem&#8221; button_alignment=&#8221;center&#8221; _builder_version=&#8221;4.6.5&#8243; _dynamic_attributes=&#8221;button_url&#8221; custom_button=&#8221;on&#8221; button_text_color=&#8221;#ffffff&#8221; button_icon=&#8221;%%20%%&#8221; animation_style=&#8221;slide&#8221;][\/et_pb_button][\/et_pb_column][et_pb_column type=&#8221;1_3&#8243; _builder_version=&#8221;3.25&#8243; custom_padding=&#8221;|||&#8221; custom_padding__hover=&#8221;|||&#8221;][et_pb_blurb title=&#8221;Beragaszthat\u00f3 h\u00e1tterek&#8221; image=&#8221;http:\/\/beloterrarium.hu\/wp-content\/uploads\/2020\/11\/galeria_brgsztht-6-scaled.jpg&#8221; alt=&#8221;Coffee Bean&#8221; image_max_width=&#8221;280px&#8221; _builder_version=&#8221;4.7.1&#8243; header_font=&#8221;Oswald|||on|&#8221; header_text_align=&#8221;center&#8221; header_text_color=&#8221;#ffffff&#8221; header_font_size=&#8221;20px&#8221; header_letter_spacing=&#8221;1px&#8221; header_line_height=&#8221;1.7em&#8221; body_font=&#8221;Nunito||||&#8221; body_text_align=&#8221;center&#8221; body_text_color=&#8221;#787070&#8243; body_font_size=&#8221;18px&#8221; body_line_height=&#8221;1.8em&#8221; text_orientation=&#8221;center&#8221; animation_style=&#8221;slide&#8221; animation_direction=&#8221;bottom&#8221; animation_delay=&#8221;200ms&#8221; animation_intensity_slide=&#8221;6%&#8221; animation=&#8221;right&#8221;][\/et_pb_blurb][et_pb_button button_url=&#8221;@ET-DC@eyJkeW5hbWljIjp0cnVlLCJjb250ZW50IjoicG9zdF9saW5rX3VybF9wYWdlIiwic2V0dGluZ3MiOnsicG9zdF9pZCI6IjIzMTQ3MyJ9fQ==@&#8221; button_text=&#8221;Megn\u00e9zem&#8221; button_alignment=&#8221;center&#8221; _builder_version=&#8221;4.6.5&#8243; _dynamic_attributes=&#8221;button_url&#8221; custom_button=&#8221;on&#8221; button_text_color=&#8221;#ffffff&#8221; button_icon=&#8221;%%20%%&#8221; animation_style=&#8221;slide&#8221;][\/et_pb_button][\/et_pb_column][\/et_pb_row][et_pb_row column_structure=&#8221;1_2,1_2&#8243; admin_label=&#8221;Coffee Info&#8221; _builder_version=&#8221;4.7.7&#8243; width=&#8221;45%&#8221; width_tablet=&#8221;&#8221; width_phone=&#8221;&#8221; width_last_edited=&#8221;on|desktop&#8221; custom_padding=&#8221;|||&#8221; custom_width_px=&#8221;510px&#8221; locked=&#8221;off&#8221;][et_pb_column type=&#8221;1_2&#8243; _builder_version=&#8221;3.25&#8243; custom_padding=&#8221;|||&#8221; custom_padding__hover=&#8221;|||&#8221;][et_pb_blurb title=&#8221;K\u00fcl\u00f6nlegess\u00e9gek&#8221; image=&#8221;http:\/\/beloterrarium.hu\/wp-content\/uploads\/2020\/12\/egyedi_terr-3-scaled.jpg&#8221; alt=&#8221;Coffee Bean&#8221; image_max_width=&#8221;280px&#8221; _builder_version=&#8221;4.7.7&#8243; header_font=&#8221;Oswald|||on|&#8221; header_text_align=&#8221;center&#8221; header_text_color=&#8221;#ffffff&#8221; header_font_size=&#8221;20px&#8221; header_letter_spacing=&#8221;1px&#8221; header_line_height=&#8221;1.7em&#8221; body_font=&#8221;Nunito||||&#8221; body_text_align=&#8221;center&#8221; body_text_color=&#8221;#787070&#8243; body_font_size=&#8221;18px&#8221; body_line_height=&#8221;1.8em&#8221; text_orientation=&#8221;center&#8221; animation_style=&#8221;slide&#8221; animation_direction=&#8221;bottom&#8221; animation_delay=&#8221;200ms&#8221; animation_intensity_slide=&#8221;6%&#8221; animation=&#8221;right&#8221; module_alignment_last_edited=&#8221;off|desktop&#8221; locked=&#8221;off&#8221;][\/et_pb_blurb][et_pb_button button_url=&#8221;@ET-DC@eyJkeW5hbWljIjp0cnVlLCJjb250ZW50IjoicG9zdF9saW5rX3VybF9wYWdlIiwic2V0dGluZ3MiOnsicG9zdF9pZCI6IjIzMTQ5MyJ9fQ==@&#8221; button_text=&#8221;Megn\u00e9zem&#8221; button_alignment=&#8221;center&#8221; _builder_version=&#8221;4.6.5&#8243; _dynamic_attributes=&#8221;button_url&#8221; custom_button=&#8221;on&#8221; button_text_color=&#8221;#ffffff&#8221; button_icon=&#8221;%%20%%&#8221; animation_style=&#8221;slide&#8221; locked=&#8221;off&#8221;][\/et_pb_button][\/et_pb_column][et_pb_column type=&#8221;1_2&#8243; _builder_version=&#8221;3.25&#8243; custom_padding=&#8221;|||&#8221; custom_padding__hover=&#8221;|||&#8221;][et_pb_blurb title=&#8221;\u00c1llatok&#8221; image=&#8221;http:\/\/beloterrarium.hu\/wp-content\/uploads\/2020\/11\/galeria_allatok-8-scaled.jpg&#8221; alt=&#8221;Coffee Bean&#8221; image_max_width=&#8221;280px&#8221; _builder_version=&#8221;4.7.7&#8243; header_font=&#8221;Oswald|||on|&#8221; header_text_align=&#8221;center&#8221; header_text_color=&#8221;#ffffff&#8221; header_font_size=&#8221;20px&#8221; header_letter_spacing=&#8221;1px&#8221; header_line_height=&#8221;1.7em&#8221; body_font=&#8221;Nunito||||&#8221; body_text_align=&#8221;center&#8221; body_text_color=&#8221;#787070&#8243; body_font_size=&#8221;18px&#8221; body_line_height=&#8221;1.8em&#8221; text_orientation=&#8221;center&#8221; animation_style=&#8221;slide&#8221; animation_direction=&#8221;bottom&#8221; animation_delay=&#8221;100ms&#8221; animation_intensity_slide=&#8221;6%&#8221; animation=&#8221;right&#8221; module_alignment_last_edited=&#8221;off|desktop&#8221; locked=&#8221;off&#8221;][\/et_pb_blurb][et_pb_button button_url=&#8221;@ET-DC@eyJkeW5hbWljIjp0cnVlLCJjb250ZW50IjoicG9zdF9saW5rX3VybF9wYWdlIiwic2V0dGluZ3MiOnsicG9zdF9pZCI6IjIzMTIyMyJ9fQ==@&#8221; button_text=&#8221;Megn\u00e9zem&#8221; button_alignment=&#8221;center&#8221; _builder_version=&#8221;4.6.5&#8243; _dynamic_attributes=&#8221;button_url&#8221; custom_button=&#8221;on&#8221; button_text_color=&#8221;#ffffff&#8221; button_icon=&#8221;%%20%%&#8221; animation_style=&#8221;slide&#8221; locked=&#8221;off&#8221;][\/et_pb_button][\/et_pb_column][\/et_pb_row][\/et_pb_section]<\/p>\n","protected":false},"excerpt":{"rendered":"<p>&#8222;A term\u00e9szethez k\u00e9pest minden terr\u00e1rium kicsi&#8221;r\u00f3lamBeloberk Istv\u00e1n vagyok, k\u00f6zel 30 \u00e9ve foglalkozom h\u00fcll\u0151kkel valamint terr\u00e1riumok, akv\u00e1riumok \u00e9s m\u0171szikla dekor\u00e1ci\u00f3k \u00e9p\u00edt\u00e9s\u00e9vel. Ez a sz\u00e9p hobbi egyre nagyobb n\u00e9pszer\u0171s\u00e9gnek \u00f6rvend \u00e9s \u00e9n \u00f6r\u00f6mmel osztom meg tapasztalataimat \u00e9s seg\u00edtem munk\u00e1mmal azokat akik e gy\u00f6ny\u00f6r\u0171 \u00e9s \u00e9rdekes \u00e1llatok tart\u00e1s\u00e1val akarnak foglalkozni.Aj\u00e1nlatokBeragaszthat\u00f3 h\u00e1tterekGal\u00e9ria<\/p>\n","protected":false},"author":1,"featured_media":0,"parent":0,"menu_order":0,"comment_status":"closed","ping_status":"closed","template":"","meta":{"_et_pb_use_builder":"on","_et_pb_old_content":"","_et_gb_content_width":""},"_links":{"self":[{"href":"https:\/\/beloterrarium.hu\/index.php\/wp-json\/wp\/v2\/pages\/77"}],"collection":[{"href":"https:\/\/beloterrarium.hu\/index.php\/wp-json\/wp\/v2\/pages"}],"about":[{"href":"https:\/\/beloterrarium.hu\/index.php\/wp-json\/wp\/v2\/types\/page"}],"author":[{"embeddable":true,"href":"https:\/\/beloterrarium.hu\/index.php\/wp-json\/wp\/v2\/users\/1"}],"replies":[{"embeddable":true,"href":"https:\/\/beloterrarium.hu\/index.php\/wp-json\/wp\/v2\/comments?post=77"}],"version-history":[{"count":50,"href":"https:\/\/beloterrarium.hu\/index.php\/wp-json\/wp\/v2\/pages\/77\/revisions"}],"predecessor-version":[{"id":232420,"href":"https:\/\/beloterrarium.hu\/index.php\/wp-json\/wp\/v2\/pages\/77\/revisions\/232420"}],"wp:attachment":[{"href":"https:\/\/beloterrarium.hu\/index.php\/wp-json\/wp\/v2\/media?parent=77"}],"curies":[{"name":"wp","href":"https:\/\/api.w.org\/{rel}","templated":true}]}}