{"id":231454,"date":"2020-10-11T12:48:25","date_gmt":"2020-10-11T12:48:25","guid":{"rendered":"http:\/\/beloterrarium.hu\/?page_id=231454"},"modified":"2021-09-27T14:36:36","modified_gmt":"2021-09-27T14:36:36","slug":"elado-allatok","status":"publish","type":"page","link":"https:\/\/beloterrarium.hu\/index.php\/elado-allatok\/","title":{"rendered":"Elad\u00f3 \u00e1llatok"},"content":{"rendered":"<p>[et_pb_section fb_built=&#8221;1&#8243; fullwidth=&#8221;on&#8221; admin_label=&#8221;Header Section&#8221; _builder_version=&#8221;4.7.7&#8243; background_color=&#8221;#000000&#8243; background_image=&#8221;http:\/\/beloterrarium.hu\/wp-content\/uploads\/2020\/11\/galeria_allatok-3-scaled.jpg&#8221; min_height=&#8221;300px&#8221; height=&#8221;300px&#8221; max_height=&#8221;300px&#8221; custom_padding=&#8221;|||&#8221; locked=&#8221;off&#8221;][et_pb_fullwidth_header title=&#8221;elad\u00f3 \u00e1llatok&#8221; text_orientation=&#8221;center&#8221; background_overlay_color=&#8221;rgba(0,0,0,0.4)&#8221; content_max_width_last_edited=&#8221;off|desktop&#8221; admin_label=&#8221;Contents&#8221; _builder_version=&#8221;4.7.1&#8243; title_font=&#8221;Oswald|||on|&#8221; title_text_align=&#8221;center&#8221; title_font_size=&#8221;80px&#8221; title_letter_spacing=&#8221;0.05em&#8221; title_line_height=&#8221;1.5em&#8221; subhead_font=&#8221;Nunito|600|||||||&#8221; subhead_font_size=&#8221;20px&#8221; subhead_line_height=&#8221;1.9em&#8221; background_color=&#8221;rgba(255,255,255,0)&#8221; background_enable_image=&#8221;off&#8221; parallax=&#8221;on&#8221; parallax_method=&#8221;on&#8221; custom_button_one=&#8221;on&#8221; button_one_text_size=&#8221;15px&#8221; button_one_bg_color=&#8221;#dca57d&#8221; button_one_border_width=&#8221;10px&#8221; button_one_border_color=&#8221;#dca57d&#8221; button_one_border_radius=&#8221;0px&#8221; button_one_letter_spacing=&#8221;3px&#8221; button_one_font=&#8221;Oswald|||on|&#8221; button_one_use_icon=&#8221;off&#8221; module_alignment=&#8221;center&#8221; min_height=&#8221;300px&#8221; height=&#8221;300px&#8221; max_height=&#8221;300px&#8221; custom_margin=&#8221;|||&#8221; custom_padding=&#8221;5px||5%||false|false&#8221; animation_style=&#8221;fade&#8221; animation_starting_opacity=&#8221;50%&#8221; animation_speed_curve=&#8221;ease-in&#8221; title_font_size_tablet=&#8221;60px&#8221; title_font_size_phone=&#8221;40px&#8221; title_font_size_last_edited=&#8221;on|phone&#8221; button_one_border_color_hover=&#8221;#c99872&#8243; button_one_border_radius_hover=&#8221;0px&#8221; button_one_letter_spacing_hover=&#8221;3px&#8221; button_one_bg_color_hover=&#8221;#c99872&#8243; button_one_text_size__hover_enabled=&#8221;off&#8221; button_two_text_size__hover_enabled=&#8221;off&#8221; button_one_text_color__hover_enabled=&#8221;off&#8221; button_two_text_color__hover_enabled=&#8221;off&#8221; button_one_border_width__hover_enabled=&#8221;off&#8221; button_two_border_width__hover_enabled=&#8221;off&#8221; button_one_border_color__hover_enabled=&#8221;on&#8221; button_one_border_color__hover=&#8221;#c99872&#8243; button_two_border_color__hover_enabled=&#8221;off&#8221; button_one_border_radius__hover_enabled=&#8221;on&#8221; button_one_border_radius__hover=&#8221;0px&#8221; button_two_border_radius__hover_enabled=&#8221;off&#8221; button_one_letter_spacing__hover_enabled=&#8221;on&#8221; button_one_letter_spacing__hover=&#8221;3px&#8221; button_two_letter_spacing__hover_enabled=&#8221;off&#8221; button_one_bg_color__hover_enabled=&#8221;on&#8221; button_one_bg_color__hover=&#8221;#c99872&#8243; button_two_bg_color__hover_enabled=&#8221;off&#8221;][\/et_pb_fullwidth_header][\/et_pb_section][et_pb_section fb_built=&#8221;1&#8243; _builder_version=&#8221;4.4.2&#8243; background_color=&#8221;#d26729&#8243; locked=&#8221;off&#8221;][et_pb_row _builder_version=&#8221;4.6.6&#8243; _module_preset=&#8221;default&#8221;][et_pb_column type=&#8221;4_4&#8243; _builder_version=&#8221;4.6.6&#8243; _module_preset=&#8221;default&#8221;][et_pb_text admin_label=&#8221;Tittle&#8221; _builder_version=&#8221;4.7.1&#8243; text_font=&#8221;Montserrat||||||||&#8221; text_text_color=&#8221;#ffffff&#8221; text_font_size=&#8221;20px&#8221; header_font=&#8221;||||||||&#8221; header_text_color=&#8221;#ffffff&#8221; header_2_font=&#8221;Oswald|||on|||||&#8221; header_2_text_align=&#8221;center&#8221; header_2_font_size=&#8221;40px&#8221; header_2_letter_spacing=&#8221;1px&#8221; header_2_line_height=&#8221;1.5em&#8221; header_3_font=&#8221;Montserrat||||||||&#8221; text_orientation=&#8221;center&#8221; module_alignment=&#8221;center&#8221; locked=&#8221;off&#8221;]<\/p>\n<p><span style=\"color: #000000;\">A t\u00f6bb mint 30 \u00e9vnyi h\u00fcll\u0151kkel t\u00f6lt\u00f6tt id\u0151 ut\u00e1n nyugodtan mondhatom hogy az \u00e1ltalam k\u00edn\u00e1lt \u00e1llatok j\u00f3 helyr\u0151l, megb\u00edzhat\u00f3 szakmai k\u00e9zb\u0151l ker\u00fclnek elad\u00e1sra. Amennyiben olyan \u00e1llatot k\u00edn\u00e1lok ami nem tal\u00e1lhat\u00f3 meg az \u201c\u00e1llattart\u00e1s kezd\u0151knek\u201d men\u00fcpontban, \u00fagy ig\u00e9ny szerint term\u00e9szetesen minden inform\u00e1ci\u00f3t \u00e1tadok hogy a h\u00fcll\u0151nek minden ig\u00e9ny\u00e9nek eleget tehessen \u00faj gazd\u00e1ja.<\/span><\/p>\n<p><span style=\"color: #000000;\">Amennyiben \u00e9rdekel valamelyik elad\u00f3 \u00e1llat, vedd fel velem a kapcsolatot a \u201cKapcsolat\u201d gombra kattintva. <br \/><\/span><\/p>\n<p><span style=\"color: #000000;\">K\u00f6sz\u00f6n\u00f6m!<\/span><\/p>\n<p>[\/et_pb_text][\/et_pb_column][\/et_pb_row][et_pb_row _builder_version=&#8221;4.6.6&#8243; _module_preset=&#8221;default&#8221;][et_pb_column type=&#8221;4_4&#8243; _builder_version=&#8221;4.6.6&#8243; _module_preset=&#8221;default&#8221;][et_pb_button button_url=&#8221;@ET-DC@eyJkeW5hbWljIjp0cnVlLCJjb250ZW50IjoicG9zdF9saW5rX3VybF9wYWdlIiwic2V0dGluZ3MiOnsicG9zdF9pZCI6IjIzMTcyMyJ9fQ==@&#8221; button_text=&#8221;Kapcsolat&#8221; button_alignment=&#8221;center&#8221; _builder_version=&#8221;4.6.6&#8243; _dynamic_attributes=&#8221;button_url&#8221; _module_preset=&#8221;default&#8221; custom_button=&#8221;on&#8221; button_text_color=&#8221;#0f0f0f&#8221; button_bg_color=&#8221;rgba(0,0,0,0)&#8221; animation_style=&#8221;slide&#8221;][\/et_pb_button][\/et_pb_column][\/et_pb_row][\/et_pb_section][et_pb_section fb_built=&#8221;1&#8243; admin_label=&#8221;Section&#8221; _builder_version=&#8221;4.7.7&#8243; background_color=&#8221;#191919&#8243; custom_margin=&#8221;||||false|false&#8221; custom_padding=&#8221;50px||50px||false|false&#8221; custom_padding_tablet=&#8221;0px||0px|&#8221; transparent_background=&#8221;off&#8221; make_fullwidth=&#8221;off&#8221; use_custom_width=&#8221;off&#8221; width_unit=&#8221;on&#8221; locked=&#8221;off&#8221;][et_pb_row column_structure=&#8221;1_3,1_3,1_3&#8243; use_custom_gutter=&#8221;on&#8221; gutter_width=&#8221;1&#8243; padding_mobile=&#8221;on&#8221; make_equal=&#8221;on&#8221; column_padding_mobile=&#8221;on&#8221; admin_label=&#8221;Row&#8221; module_class=&#8221; et_pb_row_fullwidth&#8221; _builder_version=&#8221;4.4.2&#8243; background_color=&#8221;#191919&#8243; background_size=&#8221;initial&#8221; background_position=&#8221;top_left&#8221; background_repeat=&#8221;repeat&#8221; width=&#8221;100%&#8221; width_tablet=&#8221;100%&#8221; width_phone=&#8221;&#8221; width_last_edited=&#8221;on|desktop&#8221; max_width=&#8221;100%&#8221; max_width_tablet=&#8221;100%&#8221; max_width_phone=&#8221;&#8221; max_width_last_edited=&#8221;on|desktop&#8221; custom_padding=&#8221;0px||0px|&#8221; make_fullwidth=&#8221;on&#8221; use_custom_width=&#8221;off&#8221; width_unit=&#8221;on&#8221; locked=&#8221;off&#8221;][et_pb_column type=&#8221;1_3&#8243; _builder_version=&#8221;4.4.2&#8243; background_color=&#8221;#191919&#8243; custom_padding=&#8221;|||&#8221; custom_padding__hover=&#8221;|||&#8221;][et_pb_image src=&#8221;http:\/\/beloterrarium.hu\/wp-content\/uploads\/2020\/12\/Elado_leop1-min-scaled.jpg&#8221; title_text=&#8221;Elado_leop1-min&#8221; show_in_lightbox=&#8221;on&#8221; use_overlay=&#8221;on&#8221; overlay_icon_color=&#8221;#ffffff&#8221; hover_overlay_color=&#8221;rgba(255,255,255,0.13)&#8221; hover_icon=&#8221;%%15%%&#8221; align=&#8221;center&#8221; force_fullwidth=&#8221;on&#8221; align_tablet=&#8221;center&#8221; align_phone=&#8221;&#8221; align_last_edited=&#8221;on|desktop&#8221; admin_label=&#8221;Image&#8221; _builder_version=&#8221;4.7.7&#8243; min_height=&#8221;300px&#8221; custom_padding=&#8221;||0px|||&#8221; use_border_color=&#8221;off&#8221; border_color=&#8221;#ffffff&#8221; border_style=&#8221;solid&#8221; animation=&#8221;off&#8221; sticky=&#8221;off&#8221; always_center_on_mobile=&#8221;on&#8221;] [\/et_pb_image][et_pb_text _builder_version=&#8221;4.7.7&#8243; _module_preset=&#8221;default&#8221; header_2_text_align=&#8221;center&#8221; custom_padding=&#8221;25px||25px||false|false&#8221;]<\/p>\n<h2><span style=\"color: #ffffff;\"><strong>ELKELT!<\/strong><\/span><\/h2>\n<p>[\/et_pb_text][\/et_pb_column][et_pb_column type=&#8221;1_3&#8243; _builder_version=&#8221;4.4.2&#8243; background_color=&#8221;#191919&#8243; custom_padding=&#8221;|||&#8221; custom_padding__hover=&#8221;|||&#8221;][et_pb_image src=&#8221;http:\/\/beloterrarium.hu\/wp-content\/uploads\/2020\/12\/Elado_leop2-min-scaled.jpg&#8221; title_text=&#8221;Elado_leop2-min&#8221; show_in_lightbox=&#8221;on&#8221; use_overlay=&#8221;on&#8221; overlay_icon_color=&#8221;#ffffff&#8221; hover_overlay_color=&#8221;rgba(255,255,255,0.13)&#8221; hover_icon=&#8221;%%15%%&#8221; align=&#8221;center&#8221; force_fullwidth=&#8221;on&#8221; align_tablet=&#8221;center&#8221; align_phone=&#8221;&#8221; align_last_edited=&#8221;on|desktop&#8221; admin_label=&#8221;Image&#8221; _builder_version=&#8221;4.7.7&#8243; min_height=&#8221;300px&#8221; custom_padding=&#8221;||0px|||&#8221; use_border_color=&#8221;off&#8221; border_color=&#8221;#ffffff&#8221; border_style=&#8221;solid&#8221; animation=&#8221;off&#8221; sticky=&#8221;off&#8221; always_center_on_mobile=&#8221;on&#8221;] [\/et_pb_image][et_pb_text _builder_version=&#8221;4.7.7&#8243; _module_preset=&#8221;default&#8221; header_2_text_align=&#8221;center&#8221; custom_padding=&#8221;25px||25px||false|false&#8221; locked=&#8221;off&#8221;]<\/p>\n<h2 style=\"text-align: center;\"><span style=\"color: #ffffff;\"><strong>Leop\u00e1rd Gekk\u00f3 #2<\/strong><\/span><\/h2>\n<p>[\/et_pb_text][\/et_pb_column][et_pb_column type=&#8221;1_3&#8243; _builder_version=&#8221;4.4.2&#8243; background_color=&#8221;#191919&#8243; custom_padding=&#8221;|||&#8221; custom_padding__hover=&#8221;|||&#8221;][et_pb_image src=&#8221;http:\/\/beloterrarium.hu\/wp-content\/uploads\/2020\/12\/Elado_leop3-min-scaled.jpg&#8221; title_text=&#8221;Elado_leop3-min&#8221; show_in_lightbox=&#8221;on&#8221; use_overlay=&#8221;on&#8221; overlay_icon_color=&#8221;#ffffff&#8221; hover_overlay_color=&#8221;rgba(255,255,255,0.13)&#8221; hover_icon=&#8221;%%15%%&#8221; align=&#8221;center&#8221; force_fullwidth=&#8221;on&#8221; align_tablet=&#8221;center&#8221; align_phone=&#8221;&#8221; align_last_edited=&#8221;on|desktop&#8221; admin_label=&#8221;Image&#8221; _builder_version=&#8221;4.7.7&#8243; min_height=&#8221;300px&#8221; use_border_color=&#8221;off&#8221; border_color=&#8221;#ffffff&#8221; border_style=&#8221;solid&#8221; animation=&#8221;off&#8221; sticky=&#8221;off&#8221; always_center_on_mobile=&#8221;on&#8221; locked=&#8221;off&#8221;] [\/et_pb_image][et_pb_text _builder_version=&#8221;4.7.7&#8243; _module_preset=&#8221;default&#8221; header_2_text_align=&#8221;center&#8221; custom_padding=&#8221;25px||25px||false|false&#8221; locked=&#8221;off&#8221;]<\/p>\n<h2><span style=\"color: #ffffff;\"><strong>Leop\u00e1rd Gekk\u00f3 #3<\/strong><\/span><\/h2>\n<p>[\/et_pb_text][\/et_pb_column][\/et_pb_row][\/et_pb_section]<\/p>\n","protected":false},"excerpt":{"rendered":"<p>A t\u00f6bb mint 30 \u00e9vnyi h\u00fcll\u0151kkel t\u00f6lt\u00f6tt id\u0151 ut\u00e1n nyugodtan mondhatom hogy az \u00e1ltalam k\u00edn\u00e1lt \u00e1llatok j\u00f3 helyr\u0151l, megb\u00edzhat\u00f3 szakmai k\u00e9zb\u0151l ker\u00fclnek elad\u00e1sra. Amennyiben olyan \u00e1llatot k\u00edn\u00e1lok ami nem tal\u00e1lhat\u00f3 meg az \u201c\u00e1llattart\u00e1s kezd\u0151knek\u201d men\u00fcpontban, \u00fagy ig\u00e9ny szerint term\u00e9szetesen minden inform\u00e1ci\u00f3t \u00e1tadok hogy a h\u00fcll\u0151nek minden ig\u00e9ny\u00e9nek eleget tehessen \u00faj gazd\u00e1ja. Amennyiben \u00e9rdekel valamelyik elad\u00f3 [&hellip;]<\/p>\n","protected":false},"author":1,"featured_media":0,"parent":0,"menu_order":0,"comment_status":"closed","ping_status":"closed","template":"","meta":{"_et_pb_use_builder":"on","_et_pb_old_content":"","_et_gb_content_width":""},"_links":{"self":[{"href":"https:\/\/beloterrarium.hu\/index.php\/wp-json\/wp\/v2\/pages\/231454"}],"collection":[{"href":"https:\/\/beloterrarium.hu\/index.php\/wp-json\/wp\/v2\/pages"}],"about":[{"href":"https:\/\/beloterrarium.hu\/index.php\/wp-json\/wp\/v2\/types\/page"}],"author":[{"embeddable":true,"href":"https:\/\/beloterrarium.hu\/index.php\/wp-json\/wp\/v2\/users\/1"}],"replies":[{"embeddable":true,"href":"https:\/\/beloterrarium.hu\/index.php\/wp-json\/wp\/v2\/comments?post=231454"}],"version-history":[{"count":14,"href":"https:\/\/beloterrarium.hu\/index.php\/wp-json\/wp\/v2\/pages\/231454\/revisions"}],"predecessor-version":[{"id":232422,"href":"https:\/\/beloterrarium.hu\/index.php\/wp-json\/wp\/v2\/pages\/231454\/revisions\/232422"}],"wp:attachment":[{"href":"https:\/\/beloterrarium.hu\/index.php\/wp-json\/wp\/v2\/media?parent=231454"}],"curies":[{"name":"wp","href":"https:\/\/api.w.org\/{rel}","templated":true}]}}