{"id":231450,"date":"2020-10-11T12:46:39","date_gmt":"2020-10-11T12:46:39","guid":{"rendered":"http:\/\/beloterrarium.hu\/?page_id=231450"},"modified":"2021-01-06T18:05:32","modified_gmt":"2021-01-06T18:05:32","slug":"beragaszthato-hatterek","status":"publish","type":"page","link":"https:\/\/beloterrarium.hu\/index.php\/beragaszthato-hatterek\/","title":{"rendered":"Beragaszthat\u00f3 h\u00e1tterek"},"content":{"rendered":"<p>[et_pb_section fb_built=&#8221;1&#8243; fullwidth=&#8221;on&#8221; admin_label=&#8221;Header Section&#8221; _builder_version=&#8221;4.7.7&#8243; background_color=&#8221;#000000&#8243; background_image=&#8221;http:\/\/beloterrarium.hu\/wp-content\/uploads\/2020\/12\/b1-scaled.jpg&#8221; min_height=&#8221;300px&#8221; height=&#8221;300px&#8221; max_height=&#8221;300px&#8221; custom_padding=&#8221;|||&#8221; locked=&#8221;off&#8221;][et_pb_fullwidth_header title=&#8221;beragaszthat\u00f3 h\u00e1tterek&#8221; text_orientation=&#8221;center&#8221; background_overlay_color=&#8221;rgba(0,0,0,0.4)&#8221; content_max_width_last_edited=&#8221;off|desktop&#8221; admin_label=&#8221;Contents&#8221; _builder_version=&#8221;4.7.1&#8243; title_font=&#8221;Oswald|||on|&#8221; title_text_align=&#8221;center&#8221; title_font_size=&#8221;80px&#8221; title_letter_spacing=&#8221;0.05em&#8221; title_line_height=&#8221;1.5em&#8221; subhead_font=&#8221;Nunito|600|||||||&#8221; subhead_font_size=&#8221;20px&#8221; subhead_line_height=&#8221;1.9em&#8221; background_color=&#8221;rgba(255,255,255,0)&#8221; background_enable_image=&#8221;off&#8221; parallax=&#8221;on&#8221; parallax_method=&#8221;on&#8221; custom_button_one=&#8221;on&#8221; button_one_text_size=&#8221;15px&#8221; button_one_bg_color=&#8221;#dca57d&#8221; button_one_border_width=&#8221;10px&#8221; button_one_border_color=&#8221;#dca57d&#8221; button_one_border_radius=&#8221;0px&#8221; button_one_letter_spacing=&#8221;3px&#8221; button_one_font=&#8221;Oswald|||on|&#8221; button_one_use_icon=&#8221;off&#8221; module_alignment=&#8221;center&#8221; min_height=&#8221;300px&#8221; height=&#8221;300px&#8221; max_height=&#8221;300px&#8221; custom_margin=&#8221;|||&#8221; custom_padding=&#8221;5px||5%||false|false&#8221; animation_style=&#8221;fade&#8221; animation_starting_opacity=&#8221;50%&#8221; animation_speed_curve=&#8221;ease-in&#8221; title_font_size_tablet=&#8221;60px&#8221; title_font_size_phone=&#8221;40px&#8221; title_font_size_last_edited=&#8221;on|phone&#8221; button_one_border_color_hover=&#8221;#c99872&#8243; button_one_border_radius_hover=&#8221;0px&#8221; button_one_letter_spacing_hover=&#8221;3px&#8221; button_one_bg_color_hover=&#8221;#c99872&#8243; button_one_text_size__hover_enabled=&#8221;off&#8221; button_two_text_size__hover_enabled=&#8221;off&#8221; button_one_text_color__hover_enabled=&#8221;off&#8221; button_two_text_color__hover_enabled=&#8221;off&#8221; button_one_border_width__hover_enabled=&#8221;off&#8221; button_two_border_width__hover_enabled=&#8221;off&#8221; button_one_border_color__hover_enabled=&#8221;on&#8221; button_one_border_color__hover=&#8221;#c99872&#8243; button_two_border_color__hover_enabled=&#8221;off&#8221; button_one_border_radius__hover_enabled=&#8221;on&#8221; button_one_border_radius__hover=&#8221;0px&#8221; button_two_border_radius__hover_enabled=&#8221;off&#8221; button_one_letter_spacing__hover_enabled=&#8221;on&#8221; button_one_letter_spacing__hover=&#8221;3px&#8221; button_two_letter_spacing__hover_enabled=&#8221;off&#8221; button_one_bg_color__hover_enabled=&#8221;on&#8221; button_one_bg_color__hover=&#8221;#c99872&#8243; button_two_bg_color__hover_enabled=&#8221;off&#8221;][\/et_pb_fullwidth_header][\/et_pb_section][et_pb_section fb_built=&#8221;1&#8243; _builder_version=&#8221;4.4.2&#8243; background_color=&#8221;#d26729&#8243;][et_pb_row _builder_version=&#8221;4.6.5&#8243; custom_padding=&#8221;||||false|false&#8221; locked=&#8221;off&#8221;][et_pb_column type=&#8221;4_4&#8243; _builder_version=&#8221;4.4.2&#8243;][et_pb_text admin_label=&#8221;Tittle&#8221; _builder_version=&#8221;4.7.1&#8243; text_font=&#8221;Montserrat||||||||&#8221; text_text_color=&#8221;#ffffff&#8221; text_font_size=&#8221;20px&#8221; header_font=&#8221;||||||||&#8221; header_text_color=&#8221;#ffffff&#8221; header_2_font=&#8221;Oswald|||on|||||&#8221; header_2_text_align=&#8221;center&#8221; header_2_font_size=&#8221;40px&#8221; header_2_letter_spacing=&#8221;1px&#8221; header_2_line_height=&#8221;1.5em&#8221; header_3_font=&#8221;Montserrat||||||||&#8221; text_orientation=&#8221;center&#8221; module_alignment=&#8221;center&#8221;]<\/p>\n<p style=\"text-align: center;\"><span style=\"color: #000000;\">Ugyanaz a min\u0151s\u00e9g mobil verzi\u00f3ban! Amennyiben szeretn\u00e9 feldobni m\u00e1r megl\u00e9v\u0151 terr\u00e1rium\u00e1t, beragaszthat\u00f3 m\u0171szikla h\u00e1ttereim \u00d6nre v\u00e1rnak. Megadja a terr\u00e1riuma m\u00e9ret\u00e9t \u00e9s egyeztet\u00fcnk, hogy az \u00e1llat ig\u00e9nyeit szem el\u0151tt tartva milyenre k\u00e9sz\u00edts\u00fck a h\u00e1tteret. A h\u00e1tt\u00e9r terr\u00e1riumba ragaszt\u00e1s\u00e1hoz minden inform\u00e1ci\u00f3t \u00e9s seg\u00edts\u00e9get megadok, hogy ezt \u00d6n is minden probl\u00e9ma n\u00e9lk\u00fcl megtehesse.<br \/><\/span><\/p>\n<p>[\/et_pb_text][et_pb_button button_url=&#8221;@ET-DC@eyJkeW5hbWljIjp0cnVlLCJjb250ZW50IjoicG9zdF9saW5rX3VybF9wYWdlIiwic2V0dGluZ3MiOnsicG9zdF9pZCI6IjIzMTcyMyJ9fQ==@&#8221; button_text=&#8221;Kapcsolat&#8221; button_alignment=&#8221;center&#8221; _builder_version=&#8221;4.6.6&#8243; _dynamic_attributes=&#8221;button_url&#8221; _module_preset=&#8221;default&#8221; custom_button=&#8221;on&#8221; button_text_color=&#8221;#0f0f0f&#8221;][\/et_pb_button][\/et_pb_column][\/et_pb_row][\/et_pb_section][et_pb_section fb_built=&#8221;1&#8243; _builder_version=&#8221;4.7.1&#8243; background_color=&#8221;#191919&#8243; background_image=&#8221;http:\/\/beloterrarium.hu\/wp-content\/uploads\/2020\/12\/borito-scaled.jpg&#8221; parallax=&#8221;on&#8221; min_height=&#8221;525px&#8221; locked=&#8221;off&#8221;][\/et_pb_section][et_pb_section fb_built=&#8221;1&#8243; _builder_version=&#8221;4.4.2&#8243; background_color=&#8221;#d26729&#8243; locked=&#8221;off&#8221;][et_pb_row _builder_version=&#8221;4.4.2&#8243;][et_pb_column type=&#8221;4_4&#8243; _builder_version=&#8221;4.4.2&#8243;][et_pb_text admin_label=&#8221;Tittle&#8221; _builder_version=&#8221;4.7.7&#8243; text_font=&#8221;Montserrat||||||||&#8221; text_text_color=&#8221;#ffffff&#8221; text_font_size=&#8221;20px&#8221; header_font=&#8221;||||||||&#8221; header_text_color=&#8221;#ffffff&#8221; header_2_font=&#8221;Oswald|||on|||||&#8221; header_2_text_align=&#8221;center&#8221; header_2_font_size=&#8221;40px&#8221; header_2_letter_spacing=&#8221;1px&#8221; header_2_line_height=&#8221;1.5em&#8221; header_3_font=&#8221;Montserrat||||||||&#8221; text_orientation=&#8221;center&#8221; module_alignment=&#8221;center&#8221; hover_enabled=&#8221;0&#8243; sticky_enabled=&#8221;0&#8243;]<\/p>\n<p><span style=\"color: #0f0f0f;\">Mint minden \u00e1ltalam k\u00e9sz\u00edtett m\u0171szikla dekor\u00e1ci\u00f3, ezek is k\u00e9zzel k\u00e9sz\u00fclnek, teljesen egyediek , tart\u00f3sak \u00e9s id\u0151t\u00e1ll\u00f3ak.<br \/><\/span><\/p>\n<p>[\/et_pb_text][et_pb_button button_url=&#8221;@ET-DC@eyJkeW5hbWljIjp0cnVlLCJjb250ZW50IjoicG9zdF9saW5rX3VybF9wYWdlIiwic2V0dGluZ3MiOnsicG9zdF9pZCI6IjIzMTcyMyJ9fQ==@&#8221; button_text=&#8221;Kapcsolat&#8221; button_alignment=&#8221;center&#8221; _builder_version=&#8221;4.6.6&#8243; _dynamic_attributes=&#8221;button_url&#8221; _module_preset=&#8221;default&#8221; custom_button=&#8221;on&#8221; button_text_color=&#8221;#0f0f0f&#8221; locked=&#8221;off&#8221;][\/et_pb_button][\/et_pb_column][\/et_pb_row][\/et_pb_section][et_pb_section fb_built=&#8221;1&#8243; _builder_version=&#8221;4.7.1&#8243; background_color=&#8221;#191919&#8243; background_image=&#8221;http:\/\/beloterrarium.hu\/wp-content\/uploads\/2020\/11\/galeria_brgsztht-2-scaled.jpg&#8221; parallax=&#8221;on&#8221; min_height=&#8221;525px&#8221; locked=&#8221;off&#8221;][\/et_pb_section]<\/p>\n","protected":false},"excerpt":{"rendered":"<p>Ugyanaz a min\u0151s\u00e9g mobil verzi\u00f3ban! Amennyiben szeretn\u00e9 feldobni m\u00e1r megl\u00e9v\u0151 terr\u00e1rium\u00e1t, beragaszthat\u00f3 m\u0171szikla h\u00e1ttereim \u00d6nre v\u00e1rnak. Megadja a terr\u00e1riuma m\u00e9ret\u00e9t \u00e9s egyeztet\u00fcnk, hogy az \u00e1llat ig\u00e9nyeit szem el\u0151tt tartva milyenre k\u00e9sz\u00edts\u00fck a h\u00e1tteret. A h\u00e1tt\u00e9r terr\u00e1riumba ragaszt\u00e1s\u00e1hoz minden inform\u00e1ci\u00f3t \u00e9s seg\u00edts\u00e9get megadok, hogy ezt \u00d6n is minden probl\u00e9ma n\u00e9lk\u00fcl megtehesse.Mint minden \u00e1ltalam k\u00e9sz\u00edtett m\u0171szikla dekor\u00e1ci\u00f3, [&hellip;]<\/p>\n","protected":false},"author":1,"featured_media":0,"parent":0,"menu_order":0,"comment_status":"closed","ping_status":"closed","template":"","meta":{"_et_pb_use_builder":"on","_et_pb_old_content":"","_et_gb_content_width":""},"_links":{"self":[{"href":"https:\/\/beloterrarium.hu\/index.php\/wp-json\/wp\/v2\/pages\/231450"}],"collection":[{"href":"https:\/\/beloterrarium.hu\/index.php\/wp-json\/wp\/v2\/pages"}],"about":[{"href":"https:\/\/beloterrarium.hu\/index.php\/wp-json\/wp\/v2\/types\/page"}],"author":[{"embeddable":true,"href":"https:\/\/beloterrarium.hu\/index.php\/wp-json\/wp\/v2\/users\/1"}],"replies":[{"embeddable":true,"href":"https:\/\/beloterrarium.hu\/index.php\/wp-json\/wp\/v2\/comments?post=231450"}],"version-history":[{"count":9,"href":"https:\/\/beloterrarium.hu\/index.php\/wp-json\/wp\/v2\/pages\/231450\/revisions"}],"predecessor-version":[{"id":232261,"href":"https:\/\/beloterrarium.hu\/index.php\/wp-json\/wp\/v2\/pages\/231450\/revisions\/232261"}],"wp:attachment":[{"href":"https:\/\/beloterrarium.hu\/index.php\/wp-json\/wp\/v2\/media?parent=231450"}],"curies":[{"name":"wp","href":"https:\/\/api.w.org\/{rel}","templated":true}]}}