{"id":10,"date":"2020-04-10T10:20:40","date_gmt":"2020-04-10T10:20:40","guid":{"rendered":"http:\/\/beloterrarium.hu\/?page_id=10"},"modified":"2020-12-30T14:30:43","modified_gmt":"2020-12-30T14:30:43","slug":"10-2","status":"publish","type":"page","link":"https:\/\/beloterrarium.hu\/index.php\/10-2\/","title":{"rendered":"Bemutatkoz\u00e1s"},"content":{"rendered":"<p>[et_pb_section fb_built=&#8221;1&#8243; admin_label=&#8221;Our Team Section&#8221; _builder_version=&#8221;4.7.1&#8243; background_color=&#8221;#0f0f0f&#8221; custom_padding=&#8221;100px|0px|100px|0px&#8221;][et_pb_row admin_label=&#8221;Section Header&#8221; _builder_version=&#8221;4.4.2&#8243; width=&#8221;90%&#8221; module_alignment=&#8221;center&#8221; custom_padding=&#8221;|||&#8221; locked=&#8221;off&#8221;][et_pb_column type=&#8221;4_4&#8243; _builder_version=&#8221;4.4.2&#8243; custom_padding=&#8221;|||&#8221; custom_padding__hover=&#8221;|||&#8221;][et_pb_text admin_label=&#8221;Tittle&#8221; _builder_version=&#8221;4.4.2&#8243; text_font=&#8221;||||||||&#8221; header_font=&#8221;||||||||&#8221; header_2_font=&#8221;Oswald|||on|||||&#8221; header_2_text_align=&#8221;center&#8221; header_2_font_size=&#8221;40px&#8221; header_2_letter_spacing=&#8221;1px&#8221; header_2_line_height=&#8221;1.5em&#8221; max_width=&#8221;600px&#8221; module_alignment=&#8221;center&#8221; animation_style=&#8221;fade&#8221;]<\/p>\n<h2><span style=\"color: #ffffff;\">BEmutatkoz\u00e1s<\/span><\/h2>\n<p>[\/et_pb_text][et_pb_text disabled_on=&#8221;off|off|off&#8221; admin_label=&#8221;Subtittle&#8221; _builder_version=&#8221;4.4.2&#8243; text_font=&#8221;Nunito||||||||&#8221; text_text_color=&#8221;#787070&#8243; text_font_size=&#8221;18px&#8221; text_line_height=&#8221;1.8em&#8221; header_font=&#8221;Oswald||||&#8221; header_font_size=&#8221;16px&#8221; header_letter_spacing=&#8221;2px&#8221; header_line_height=&#8221;1.7em&#8221; text_orientation=&#8221;center&#8221; max_width=&#8221;90%&#8221; max_width_tablet=&#8221;&#8221; max_width_phone=&#8221;&#8221; max_width_last_edited=&#8221;on|desktop&#8221; module_alignment=&#8221;center&#8221; custom_margin=&#8221;-30px|106px||25px||&#8221; animation_style=&#8221;fade&#8221; animation_delay=&#8221;100ms&#8221;]<\/p>\n<p>\u00dcdv\u00f6zl\u00f6m az oldalamon!<\/p>\n<p>Beloberk Istv\u00e1n vagyok, k\u00f6zel 30 \u00e9ve foglalkozom h\u00fcll\u0151kkel valamint terr\u00e1riumok, akv\u00e1riumok \u00e9s m\u0171szikla dekor\u00e1ci\u00f3k \u00e9p\u00edt\u00e9s\u00e9vel. Ez a sz\u00e9p hobbi egyre nagyobb n\u00e9pszer\u0171s\u00e9gnek \u00f6rvend \u00e9s \u00e9n \u00f6r\u00f6mmel osztom meg tapasztalataimat azokkal akik e gy\u00f6ny\u00f6r\u0171 \u00e9s \u00e9rdekes \u00e1llatok tart\u00e1s\u00e1val akarnak foglalkozni. Az \u00e1ltalam tervezett terr\u00e1riumokat az \u00e1llatok \u00e9s tart\u00f3 ig\u00e9nyeit figyelembe v\u00e9ve k\u00e9sz\u00edtem el \u00e9s sz\u00edvesen adok meg minden inform\u00e1ci\u00f3t ahhoz hogy a benne \u00e9l\u0151 \u00e1llatok a legjobb k\u00f6r\u00fclm\u00e9nyeket \u00e9s gondoz\u00e1st kaphass\u00e1k. <br \/>Munk\u00e1imat megn\u00e9zheti a gal\u00e9ri\u00e1kban, az \u00e1rakr\u00f3l is t\u00e1j\u00e9koz\u00f3dhat, valamint nyugodtan keressen ha k\u00e9rd\u00e9se vagy egyedi elk\u00e9pzel\u00e9se van. Megrendel\u00e9s\u00e9t korrekt hat\u00e1rid\u0151vel, remek min\u0151s\u00e9gben ak\u00e1r teljesen felszerelve \u00e9s berendezve k\u00e9sz\u00edtem el. A legjobb technikai berendez\u00e9seket, vitaminokat \u00e9s a r\u00e9gi teny\u00e9szt\u0151i ismerets\u00e9geim r\u00e9v\u00e9n megb\u00edzhat\u00f3 forr\u00e1sb\u00f3l az \u00e1llatokat is be tudom szerezni. <br \/>K\u00e9rem n\u00e9zzen k\u00f6r\u00fcl az oldalon \u00e9s b\u00e1tran keressen ha sz\u00e9p terr\u00e1riumot, palud\u00e1riumot, akv\u00e1riumot, \u00e9l\u0151sarkot vagy b\u00e1rmilyen m\u00e9ret\u0171 m\u0171szikla dekor\u00e1ci\u00f3t szeretne. Nyugodtan keressen ha \u00e1t\u00e9p\u00edt\u00e9sre, fel\u00faj\u00edt\u00e1sra v\u00e1r\u00f3 medenc\u00e9je van, ha az alkalmi vagy rendszeres gondoz\u00e1si \u00e9s karbantart\u00e1si gondjait szeretn\u00e9 megoldani.<br \/>Kellemes b\u00f6ng\u00e9sz\u00e9st!<\/p>\n<p>K\u00f6sz\u00f6n\u00f6m<br \/>Belo<\/p>\n<p>[\/et_pb_text][\/et_pb_column][\/et_pb_row][et_pb_row admin_label=&#8221;Gallery Row&#8221; _builder_version=&#8221;3.25&#8243; custom_padding=&#8221;0px|0px|0px|0px&#8221;][et_pb_column type=&#8221;4_4&#8243; _builder_version=&#8221;3.25&#8243; custom_padding=&#8221;|||&#8221; custom_padding__hover=&#8221;|||&#8221;][et_pb_image align_tablet=&#8221;center&#8221; align_phone=&#8221;&#8221; align_last_edited=&#8221;on|desktop&#8221; _builder_version=&#8221;3.23&#8243;][\/et_pb_image][\/et_pb_column][\/et_pb_row][\/et_pb_section][et_pb_section fb_built=&#8221;1&#8243; _builder_version=&#8221;4.4.2&#8243; background_color=&#8221;#191919&#8243; global_module=&#8221;231421&#8243; locked=&#8221;off&#8221;][et_pb_row _builder_version=&#8221;4.4.2&#8243;][et_pb_column type=&#8221;4_4&#8243; _builder_version=&#8221;4.4.2&#8243;][et_pb_text admin_label=&#8221;Tittle&#8221; _builder_version=&#8221;4.4.2&#8243; text_font=&#8221;||||||||&#8221; text_text_color=&#8221;#ffffff&#8221; header_font=&#8221;||||||||&#8221; header_text_color=&#8221;#ffffff&#8221; header_2_font=&#8221;Oswald|||on|||||&#8221; header_2_text_align=&#8221;center&#8221; header_2_font_size=&#8221;40px&#8221; header_2_letter_spacing=&#8221;1px&#8221; header_2_line_height=&#8221;1.5em&#8221; max_width=&#8221;600px&#8221; module_alignment=&#8221;center&#8221; animation_style=&#8221;slide&#8221; text_text_shadow_style=&#8221;preset3&#8243; text_text_shadow_color=&#8221;#8e8e8e&#8221;]<\/p>\n<h2><span style=\"color: #ffffff;\">Aj\u00e1nlatok<\/span><\/h2>\n<p>[\/et_pb_text][\/et_pb_column][\/et_pb_row][et_pb_row column_structure=&#8221;1_3,1_3,1_3&#8243; custom_padding_last_edited=&#8221;off|desktop&#8221; admin_label=&#8221;Coffee Info&#8221; _builder_version=&#8221;4.6.5&#8243; custom_padding=&#8221;|||&#8221; custom_padding_tablet=&#8221;|0px||&#8221; custom_padding_phone=&#8221;|0px||&#8221; custom_width_px=&#8221;510px&#8221;][et_pb_column type=&#8221;1_3&#8243; _builder_version=&#8221;4.6.5&#8243; custom_padding=&#8221;||||false|false&#8221; custom_padding__hover=&#8221;|||&#8221;][et_pb_blurb title=&#8221;Akci\u00f3k&#8221; image=&#8221;http:\/\/beloterrarium.hu\/wp-content\/uploads\/2020\/12\/galeria_terrarium-2-scaled.jpg&#8221; alt=&#8221;Coffee Bean&#8221; image_max_width=&#8221;280px&#8221; _builder_version=&#8221;4.7.7&#8243; header_font=&#8221;Oswald|||on|&#8221; header_text_align=&#8221;center&#8221; header_text_color=&#8221;#ffffff&#8221; header_font_size=&#8221;20px&#8221; header_letter_spacing=&#8221;1px&#8221; header_line_height=&#8221;1.7em&#8221; body_font=&#8221;Nunito||||&#8221; body_text_align=&#8221;center&#8221; body_text_color=&#8221;#787070&#8243; body_font_size=&#8221;18px&#8221; body_line_height=&#8221;1.8em&#8221; text_orientation=&#8221;center&#8221; animation_style=&#8221;slide&#8221; animation_direction=&#8221;bottom&#8221; animation_intensity_slide=&#8221;6%&#8221; animation=&#8221;right&#8221;][\/et_pb_blurb][et_pb_button button_url=&#8221;@ET-DC@eyJkeW5hbWljIjp0cnVlLCJjb250ZW50IjoicG9zdF9saW5rX3VybF9wYWdlIiwic2V0dGluZ3MiOnsicG9zdF9pZCI6IjIzMTQyNSJ9fQ==@&#8221; button_text=&#8221;Megn\u00e9zem&#8221; button_alignment=&#8221;center&#8221; _builder_version=&#8221;4.6.5&#8243; _dynamic_attributes=&#8221;button_url&#8221; custom_button=&#8221;on&#8221; button_text_color=&#8221;#ffffff&#8221; animation_style=&#8221;slide&#8221;][\/et_pb_button][\/et_pb_column][et_pb_column type=&#8221;1_3&#8243; _builder_version=&#8221;3.25&#8243; custom_padding=&#8221;|||&#8221; custom_padding__hover=&#8221;|||&#8221;][et_pb_blurb title=&#8221;Egyedi terr\u00e1riumok&#8221; image=&#8221;http:\/\/beloterrarium.hu\/wp-content\/uploads\/2020\/12\/galeria_muszikla-9-scaled.jpg&#8221; alt=&#8221;Coffee Bean&#8221; image_max_width=&#8221;280px&#8221; _builder_version=&#8221;4.7.7&#8243; header_font=&#8221;Oswald|||on|&#8221; header_text_align=&#8221;center&#8221; header_text_color=&#8221;#ffffff&#8221; header_font_size=&#8221;20px&#8221; header_letter_spacing=&#8221;1px&#8221; header_line_height=&#8221;1.7em&#8221; body_font=&#8221;Nunito||||&#8221; body_text_align=&#8221;center&#8221; body_text_color=&#8221;#787070&#8243; body_font_size=&#8221;18px&#8221; body_line_height=&#8221;1.8em&#8221; text_orientation=&#8221;center&#8221; animation_style=&#8221;slide&#8221; animation_direction=&#8221;bottom&#8221; animation_delay=&#8221;100ms&#8221; animation_intensity_slide=&#8221;6%&#8221; animation=&#8221;right&#8221;][\/et_pb_blurb][et_pb_button button_url=&#8221;@ET-DC@eyJkeW5hbWljIjp0cnVlLCJjb250ZW50IjoicG9zdF9saW5rX3VybF9wYWdlIiwic2V0dGluZ3MiOnsicG9zdF9pZCI6IjU0MjUifX0=@&#8221; button_text=&#8221;Megn\u00e9zem&#8221; button_alignment=&#8221;center&#8221; _builder_version=&#8221;4.6.5&#8243; _dynamic_attributes=&#8221;button_url&#8221; custom_button=&#8221;on&#8221; button_text_color=&#8221;#ffffff&#8221; animation_style=&#8221;slide&#8221;][\/et_pb_button][\/et_pb_column][et_pb_column type=&#8221;1_3&#8243; _builder_version=&#8221;3.25&#8243; custom_padding=&#8221;|||&#8221; custom_padding__hover=&#8221;|||&#8221;][et_pb_blurb image=&#8221;http:\/\/beloterrarium.hu\/wp-content\/uploads\/2020\/11\/galeria_brgsztht-4-scaled.jpg&#8221; alt=&#8221;Coffee Bean&#8221; image_max_width=&#8221;280px&#8221; _builder_version=&#8221;4.7.7&#8243; header_font=&#8221;Oswald|||on|&#8221; header_text_align=&#8221;center&#8221; header_text_color=&#8221;#ffffff&#8221; header_font_size=&#8221;20px&#8221; header_letter_spacing=&#8221;1px&#8221; header_line_height=&#8221;1.7em&#8221; body_font=&#8221;Nunito||||&#8221; body_text_align=&#8221;center&#8221; body_text_color=&#8221;#787070&#8243; body_font_size=&#8221;18px&#8221; body_line_height=&#8221;1.8em&#8221; text_orientation=&#8221;center&#8221; animation_style=&#8221;slide&#8221; animation_direction=&#8221;bottom&#8221; animation_delay=&#8221;200ms&#8221; animation_intensity_slide=&#8221;6%&#8221; animation=&#8221;right&#8221;]<\/p>\n<h4 class=\"et_pb_module_header et-fb-editable-element et-fb-editable-element__editing\" data-shortcode-id=\"3.1.1.0-1602419719010\" data-quickaccess-id=\"header\" contenteditable=\"true\">Beragaszthat\u00f3 h\u00e1tterek<\/h4>\n<p>[\/et_pb_blurb][et_pb_button button_url=&#8221;@ET-DC@eyJkeW5hbWljIjp0cnVlLCJjb250ZW50IjoicG9zdF9saW5rX3VybF9wYWdlIiwic2V0dGluZ3MiOnsicG9zdF9pZCI6IjIzMTQ1MCJ9fQ==@&#8221; button_text=&#8221;Megn\u00e9zem&#8221; button_alignment=&#8221;center&#8221; _builder_version=&#8221;4.6.5&#8243; _dynamic_attributes=&#8221;button_url&#8221; custom_button=&#8221;on&#8221; button_text_color=&#8221;#ffffff&#8221; button_icon=&#8221;%%20%%&#8221; animation_style=&#8221;slide&#8221;][\/et_pb_button][\/et_pb_column][\/et_pb_row][et_pb_row column_structure=&#8221;1_2,1_2&#8243; custom_padding_last_edited=&#8221;off|desktop&#8221; admin_label=&#8221;Coffee Info&#8221; _builder_version=&#8221;4.6.5&#8243; width=&#8221;45%&#8221; width_last_edited=&#8221;off|desktop&#8221; custom_padding=&#8221;|||&#8221; custom_padding_tablet=&#8221;|0px||&#8221; custom_padding_phone=&#8221;|0px||&#8221; custom_width_px=&#8221;510px&#8221; locked=&#8221;off&#8221;][et_pb_column type=&#8221;1_2&#8243; _builder_version=&#8221;4.6.5&#8243; custom_padding=&#8221;||||false|false&#8221; custom_padding__hover=&#8221;|||&#8221;][et_pb_blurb title=&#8221;Kieg\u00e9sz\u00edt\u0151k&#8221; image=&#8221;http:\/\/beloterrarium.hu\/wp-content\/uploads\/2020\/12\/bujok-2.jpg&#8221; alt=&#8221;Coffee Bean&#8221; image_max_width=&#8221;280px&#8221; _builder_version=&#8221;4.7.7&#8243; header_font=&#8221;Oswald|||on|&#8221; header_text_align=&#8221;center&#8221; header_text_color=&#8221;#ffffff&#8221; header_font_size=&#8221;20px&#8221; header_letter_spacing=&#8221;1px&#8221; header_line_height=&#8221;1.7em&#8221; body_font=&#8221;Nunito||||&#8221; body_text_align=&#8221;center&#8221; body_text_color=&#8221;#787070&#8243; body_font_size=&#8221;18px&#8221; body_line_height=&#8221;1.8em&#8221; text_orientation=&#8221;center&#8221; animation_style=&#8221;slide&#8221; animation_direction=&#8221;bottom&#8221; animation_delay=&#8221;100ms&#8221; animation_intensity_slide=&#8221;6%&#8221; animation=&#8221;right&#8221; locked=&#8221;off&#8221;][\/et_pb_blurb][et_pb_button button_url=&#8221;@ET-DC@eyJkeW5hbWljIjp0cnVlLCJjb250ZW50IjoicG9zdF9saW5rX3VybF9wYWdlIiwic2V0dGluZ3MiOnsicG9zdF9pZCI6IjIzMTM2MyJ9fQ==@&#8221; button_text=&#8221;Megn\u00e9zem&#8221; button_alignment=&#8221;center&#8221; _builder_version=&#8221;4.6.5&#8243; _dynamic_attributes=&#8221;button_url&#8221; custom_button=&#8221;on&#8221; button_text_color=&#8221;#ffffff&#8221; button_icon=&#8221;%%20%%&#8221; animation_style=&#8221;slide&#8221; locked=&#8221;off&#8221;][\/et_pb_button][\/et_pb_column][et_pb_column type=&#8221;1_2&#8243; _builder_version=&#8221;3.25&#8243; custom_padding=&#8221;|||&#8221; custom_padding__hover=&#8221;|||&#8221;][et_pb_blurb title=&#8221;Elad\u00f3 \u00e1llatok&#8221; image=&#8221;http:\/\/beloterrarium.hu\/wp-content\/uploads\/2020\/12\/leop-scaled.jpg&#8221; alt=&#8221;Coffee Bean&#8221; image_max_width=&#8221;280px&#8221; _builder_version=&#8221;4.7.7&#8243; header_font=&#8221;Oswald|||on|&#8221; header_text_align=&#8221;center&#8221; header_text_color=&#8221;#ffffff&#8221; header_font_size=&#8221;20px&#8221; header_letter_spacing=&#8221;1px&#8221; header_line_height=&#8221;1.7em&#8221; body_font=&#8221;Nunito||||&#8221; body_text_align=&#8221;center&#8221; body_text_color=&#8221;#787070&#8243; body_font_size=&#8221;18px&#8221; body_line_height=&#8221;1.8em&#8221; text_orientation=&#8221;center&#8221; animation_style=&#8221;slide&#8221; animation_direction=&#8221;bottom&#8221; animation_delay=&#8221;100ms&#8221; animation_intensity_slide=&#8221;6%&#8221; animation=&#8221;right&#8221; locked=&#8221;off&#8221;][\/et_pb_blurb][et_pb_button button_url=&#8221;@ET-DC@eyJkeW5hbWljIjp0cnVlLCJjb250ZW50IjoicG9zdF9saW5rX3VybF9wYWdlIiwic2V0dGluZ3MiOnsicG9zdF9pZCI6IjIzMTQ1NCJ9fQ==@&#8221; button_text=&#8221;Megn\u00e9zem&#8221; button_alignment=&#8221;center&#8221; _builder_version=&#8221;4.6.5&#8243; _dynamic_attributes=&#8221;button_url&#8221; custom_button=&#8221;on&#8221; button_text_color=&#8221;#ffffff&#8221; button_icon=&#8221;%%20%%&#8221; animation_style=&#8221;slide&#8221; locked=&#8221;off&#8221;][\/et_pb_button][\/et_pb_column][\/et_pb_row][\/et_pb_section][et_pb_section fb_built=&#8221;1&#8243; _builder_version=&#8221;4.6.5&#8243; background_color=&#8221;#0f0f0f&#8221; global_module=&#8221;231646&#8243; saved_tabs=&#8221;all&#8221; locked=&#8221;off&#8221;][et_pb_row _builder_version=&#8221;4.4.2&#8243;][et_pb_column type=&#8221;4_4&#8243; _builder_version=&#8221;4.4.2&#8243;][et_pb_text admin_label=&#8221;Tittle&#8221; _builder_version=&#8221;4.6.5&#8243; text_font=&#8221;||||||||&#8221; text_text_color=&#8221;#ffffff&#8221; header_font=&#8221;||||||||&#8221; header_text_color=&#8221;#ffffff&#8221; header_2_font=&#8221;Oswald|||on|||||&#8221; header_2_text_align=&#8221;center&#8221; header_2_font_size=&#8221;40px&#8221; header_2_letter_spacing=&#8221;1px&#8221; header_2_line_height=&#8221;1.5em&#8221; max_width=&#8221;600px&#8221; module_alignment=&#8221;center&#8221; animation_style=&#8221;slide&#8221; text_text_shadow_style=&#8221;preset3&#8243; text_text_shadow_color=&#8221;#8e8e8e&#8221;]<\/p>\n<h2><span style=\"color: #ffffff;\">Gal\u00e9ria<\/span><\/h2>\n<p>[\/et_pb_text][\/et_pb_column][\/et_pb_row][et_pb_row column_structure=&#8221;1_3,1_3,1_3&#8243; make_equal=&#8221;on&#8221; custom_padding_last_edited=&#8221;off|desktop&#8221; admin_label=&#8221;Coffee Info&#8221; _builder_version=&#8221;4.6.5&#8243; custom_padding=&#8221;|||&#8221; custom_padding_tablet=&#8221;|0px||&#8221; custom_padding_phone=&#8221;|0px||&#8221; custom_width_px=&#8221;510px&#8221;][et_pb_column type=&#8221;1_3&#8243; _builder_version=&#8221;3.25&#8243; custom_padding=&#8221;|||&#8221; custom_padding__hover=&#8221;|||&#8221;][et_pb_blurb title=&#8221;Terr\u00e1riumok&#8221; image=&#8221;http:\/\/beloterrarium.hu\/wp-content\/uploads\/2020\/12\/galeria_muszikla-9-scaled.jpg&#8221; alt=&#8221;Coffee Bean&#8221; image_max_width=&#8221;280px&#8221; _builder_version=&#8221;4.7.1&#8243; header_font=&#8221;Oswald|||on|&#8221; header_text_align=&#8221;center&#8221; header_text_color=&#8221;#ffffff&#8221; header_font_size=&#8221;20px&#8221; header_letter_spacing=&#8221;1px&#8221; header_line_height=&#8221;1.7em&#8221; body_font=&#8221;Nunito||||&#8221; body_text_align=&#8221;center&#8221; body_text_color=&#8221;#787070&#8243; body_font_size=&#8221;18px&#8221; body_line_height=&#8221;1.8em&#8221; text_orientation=&#8221;center&#8221; animation_style=&#8221;slide&#8221; animation_direction=&#8221;bottom&#8221; animation_intensity_slide=&#8221;6%&#8221; animation=&#8221;right&#8221;][\/et_pb_blurb][et_pb_button button_url=&#8221;@ET-DC@eyJkeW5hbWljIjp0cnVlLCJjb250ZW50IjoicG9zdF9saW5rX3VybF9wYWdlIiwic2V0dGluZ3MiOnsicG9zdF9pZCI6IjE3NCJ9fQ==@&#8221; button_text=&#8221;Megn\u00e9zem&#8221; button_alignment=&#8221;center&#8221; _builder_version=&#8221;4.6.5&#8243; _dynamic_attributes=&#8221;button_url&#8221; custom_button=&#8221;on&#8221; button_text_color=&#8221;#ffffff&#8221; animation_style=&#8221;slide&#8221;][\/et_pb_button][\/et_pb_column][et_pb_column type=&#8221;1_3&#8243; _builder_version=&#8221;3.25&#8243; custom_padding=&#8221;|||&#8221; custom_padding__hover=&#8221;|||&#8221;][et_pb_blurb title=&#8221;M\u0171szikl\u00e1k&#8221; image=&#8221;http:\/\/beloterrarium.hu\/wp-content\/uploads\/2020\/12\/galeria_muszikla-5-scaled.jpg&#8221; alt=&#8221;Coffee Bean&#8221; image_max_width=&#8221;280px&#8221; _builder_version=&#8221;4.7.1&#8243; header_font=&#8221;Oswald|||on|&#8221; header_text_align=&#8221;center&#8221; header_text_color=&#8221;#ffffff&#8221; header_font_size=&#8221;20px&#8221; header_letter_spacing=&#8221;1px&#8221; header_line_height=&#8221;1.7em&#8221; body_font=&#8221;Nunito||||&#8221; body_text_align=&#8221;center&#8221; body_text_color=&#8221;#787070&#8243; body_font_size=&#8221;18px&#8221; body_line_height=&#8221;1.8em&#8221; text_orientation=&#8221;center&#8221; animation_style=&#8221;slide&#8221; animation_direction=&#8221;bottom&#8221; animation_delay=&#8221;100ms&#8221; animation_intensity_slide=&#8221;6%&#8221; animation=&#8221;right&#8221;][\/et_pb_blurb][et_pb_button button_url=&#8221;@ET-DC@eyJkeW5hbWljIjp0cnVlLCJjb250ZW50IjoicG9zdF9saW5rX3VybF9wYWdlIiwic2V0dGluZ3MiOnsicG9zdF9pZCI6IjUzNDYifX0=@&#8221; button_text=&#8221;Megn\u00e9zem&#8221; button_alignment=&#8221;center&#8221; _builder_version=&#8221;4.6.5&#8243; _dynamic_attributes=&#8221;button_url&#8221; custom_button=&#8221;on&#8221; button_text_color=&#8221;#ffffff&#8221; animation_style=&#8221;slide&#8221;][\/et_pb_button][\/et_pb_column][et_pb_column type=&#8221;1_3&#8243; _builder_version=&#8221;3.25&#8243; custom_padding=&#8221;|||&#8221; custom_padding__hover=&#8221;|||&#8221;][et_pb_blurb title=&#8221;Beragaszthat\u00f3 h\u00e1tterek&#8221; image=&#8221;http:\/\/beloterrarium.hu\/wp-content\/uploads\/2020\/11\/galeria_brgsztht-6-scaled.jpg&#8221; alt=&#8221;Coffee Bean&#8221; image_max_width=&#8221;280px&#8221; _builder_version=&#8221;4.7.1&#8243; header_font=&#8221;Oswald|||on|&#8221; header_text_align=&#8221;center&#8221; header_text_color=&#8221;#ffffff&#8221; header_font_size=&#8221;20px&#8221; header_letter_spacing=&#8221;1px&#8221; header_line_height=&#8221;1.7em&#8221; body_font=&#8221;Nunito||||&#8221; body_text_align=&#8221;center&#8221; body_text_color=&#8221;#787070&#8243; body_font_size=&#8221;18px&#8221; body_line_height=&#8221;1.8em&#8221; text_orientation=&#8221;center&#8221; animation_style=&#8221;slide&#8221; animation_direction=&#8221;bottom&#8221; animation_delay=&#8221;200ms&#8221; animation_intensity_slide=&#8221;6%&#8221; animation=&#8221;right&#8221;][\/et_pb_blurb][et_pb_button button_url=&#8221;@ET-DC@eyJkeW5hbWljIjp0cnVlLCJjb250ZW50IjoicG9zdF9saW5rX3VybF9wYWdlIiwic2V0dGluZ3MiOnsicG9zdF9pZCI6IjIzMTQ3MyJ9fQ==@&#8221; button_text=&#8221;Megn\u00e9zem&#8221; button_alignment=&#8221;center&#8221; _builder_version=&#8221;4.6.5&#8243; _dynamic_attributes=&#8221;button_url&#8221; custom_button=&#8221;on&#8221; button_text_color=&#8221;#ffffff&#8221; button_icon=&#8221;%%20%%&#8221; animation_style=&#8221;slide&#8221;][\/et_pb_button][\/et_pb_column][\/et_pb_row][et_pb_row column_structure=&#8221;1_2,1_2&#8243; admin_label=&#8221;Coffee Info&#8221; _builder_version=&#8221;4.6.5&#8243; width=&#8221;45%&#8221; custom_padding=&#8221;|||&#8221; custom_width_px=&#8221;510px&#8221; locked=&#8221;off&#8221;][et_pb_column type=&#8221;1_2&#8243; _builder_version=&#8221;3.25&#8243; custom_padding=&#8221;|||&#8221; custom_padding__hover=&#8221;|||&#8221;][et_pb_blurb title=&#8221;K\u00fcl\u00f6nlegess\u00e9gek&#8221; image=&#8221;http:\/\/beloterrarium.hu\/wp-content\/uploads\/2020\/12\/egyedi_terr-3-scaled.jpg&#8221; alt=&#8221;Coffee Bean&#8221; image_max_width=&#8221;280px&#8221; _builder_version=&#8221;4.7.1&#8243; header_font=&#8221;Oswald|||on|&#8221; header_text_align=&#8221;center&#8221; header_text_color=&#8221;#ffffff&#8221; header_font_size=&#8221;20px&#8221; header_letter_spacing=&#8221;1px&#8221; header_line_height=&#8221;1.7em&#8221; body_font=&#8221;Nunito||||&#8221; body_text_align=&#8221;center&#8221; body_text_color=&#8221;#787070&#8243; body_font_size=&#8221;18px&#8221; body_line_height=&#8221;1.8em&#8221; text_orientation=&#8221;center&#8221; animation_style=&#8221;slide&#8221; animation_direction=&#8221;bottom&#8221; animation_delay=&#8221;100ms&#8221; animation_intensity_slide=&#8221;6%&#8221; animation=&#8221;right&#8221; locked=&#8221;off&#8221;][\/et_pb_blurb][et_pb_button button_url=&#8221;@ET-DC@eyJkeW5hbWljIjp0cnVlLCJjb250ZW50IjoicG9zdF9saW5rX3VybF9wYWdlIiwic2V0dGluZ3MiOnsicG9zdF9pZCI6IjIzMTQ5MyJ9fQ==@&#8221; button_text=&#8221;Megn\u00e9zem&#8221; button_alignment=&#8221;center&#8221; _builder_version=&#8221;4.6.5&#8243; _dynamic_attributes=&#8221;button_url&#8221; custom_button=&#8221;on&#8221; button_text_color=&#8221;#ffffff&#8221; button_icon=&#8221;%%20%%&#8221; animation_style=&#8221;slide&#8221; locked=&#8221;off&#8221;][\/et_pb_button][\/et_pb_column][et_pb_column type=&#8221;1_2&#8243; _builder_version=&#8221;3.25&#8243; custom_padding=&#8221;|||&#8221; custom_padding__hover=&#8221;|||&#8221;][et_pb_blurb title=&#8221;\u00c1llatok&#8221; image=&#8221;http:\/\/beloterrarium.hu\/wp-content\/uploads\/2020\/11\/galeria_allatok-8-scaled.jpg&#8221; alt=&#8221;Coffee Bean&#8221; image_max_width=&#8221;280px&#8221; _builder_version=&#8221;4.7.1&#8243; header_font=&#8221;Oswald|||on|&#8221; header_text_align=&#8221;center&#8221; header_text_color=&#8221;#ffffff&#8221; header_font_size=&#8221;20px&#8221; header_letter_spacing=&#8221;1px&#8221; header_line_height=&#8221;1.7em&#8221; body_font=&#8221;Nunito||||&#8221; body_text_align=&#8221;center&#8221; body_text_color=&#8221;#787070&#8243; body_font_size=&#8221;18px&#8221; body_line_height=&#8221;1.8em&#8221; text_orientation=&#8221;center&#8221; animation_style=&#8221;slide&#8221; animation_direction=&#8221;bottom&#8221; animation_delay=&#8221;100ms&#8221; animation_intensity_slide=&#8221;6%&#8221; animation=&#8221;right&#8221; locked=&#8221;off&#8221;][\/et_pb_blurb][et_pb_button button_url=&#8221;@ET-DC@eyJkeW5hbWljIjp0cnVlLCJjb250ZW50IjoicG9zdF9saW5rX3VybF9wYWdlIiwic2V0dGluZ3MiOnsicG9zdF9pZCI6IjIzMTIyMyJ9fQ==@&#8221; button_text=&#8221;Megn\u00e9zem&#8221; button_alignment=&#8221;center&#8221; _builder_version=&#8221;4.6.5&#8243; _dynamic_attributes=&#8221;button_url&#8221; custom_button=&#8221;on&#8221; button_text_color=&#8221;#ffffff&#8221; button_icon=&#8221;%%20%%&#8221; animation_style=&#8221;slide&#8221; locked=&#8221;off&#8221;][\/et_pb_button][\/et_pb_column][\/et_pb_row][\/et_pb_section]<\/p>\n","protected":false},"excerpt":{"rendered":"<p>BEmutatkoz\u00e1s\u00dcdv\u00f6zl\u00f6m az oldalamon! Beloberk Istv\u00e1n vagyok, k\u00f6zel 30 \u00e9ve foglalkozom h\u00fcll\u0151kkel valamint terr\u00e1riumok, akv\u00e1riumok \u00e9s m\u0171szikla dekor\u00e1ci\u00f3k \u00e9p\u00edt\u00e9s\u00e9vel. Ez a sz\u00e9p hobbi egyre nagyobb n\u00e9pszer\u0171s\u00e9gnek \u00f6rvend \u00e9s \u00e9n \u00f6r\u00f6mmel osztom meg tapasztalataimat azokkal akik e gy\u00f6ny\u00f6r\u0171 \u00e9s \u00e9rdekes \u00e1llatok tart\u00e1s\u00e1val akarnak foglalkozni. Az \u00e1ltalam tervezett terr\u00e1riumokat az \u00e1llatok \u00e9s tart\u00f3 ig\u00e9nyeit figyelembe v\u00e9ve k\u00e9sz\u00edtem el [&hellip;]<\/p>\n","protected":false},"author":1,"featured_media":0,"parent":0,"menu_order":0,"comment_status":"closed","ping_status":"closed","template":"","meta":{"_et_pb_use_builder":"on","_et_pb_old_content":"","_et_gb_content_width":""},"_links":{"self":[{"href":"https:\/\/beloterrarium.hu\/index.php\/wp-json\/wp\/v2\/pages\/10"}],"collection":[{"href":"https:\/\/beloterrarium.hu\/index.php\/wp-json\/wp\/v2\/pages"}],"about":[{"href":"https:\/\/beloterrarium.hu\/index.php\/wp-json\/wp\/v2\/types\/page"}],"author":[{"embeddable":true,"href":"https:\/\/beloterrarium.hu\/index.php\/wp-json\/wp\/v2\/users\/1"}],"replies":[{"embeddable":true,"href":"https:\/\/beloterrarium.hu\/index.php\/wp-json\/wp\/v2\/comments?post=10"}],"version-history":[{"count":25,"href":"https:\/\/beloterrarium.hu\/index.php\/wp-json\/wp\/v2\/pages\/10\/revisions"}],"predecessor-version":[{"id":232081,"href":"https:\/\/beloterrarium.hu\/index.php\/wp-json\/wp\/v2\/pages\/10\/revisions\/232081"}],"wp:attachment":[{"href":"https:\/\/beloterrarium.hu\/index.php\/wp-json\/wp\/v2\/media?parent=10"}],"curies":[{"name":"wp","href":"https:\/\/api.w.org\/{rel}","templated":true}]}}